{"id":516,"date":"2024-09-18T21:24:50","date_gmt":"2024-09-18T21:24:50","guid":{"rendered":"https:\/\/fcgriopailacastilla.org\/site\/?page_id=516"},"modified":"2024-10-09T21:42:22","modified_gmt":"2024-10-09T21:42:22","slug":"agenda-ciudadana","status":"publish","type":"page","link":"https:\/\/fcgriopailacastilla.org\/site\/agenda-ciudadana\/","title":{"rendered":"Agenda ciudadana"},"content":{"rendered":"\t\t<div data-elementor-type=\"wp-page\" data-elementor-id=\"516\" class=\"elementor elementor-516\">\n\t\t\t\t<div class=\"elementor-element elementor-element-bd159cb e-con-full e-flex e-con e-parent\" data-id=\"bd159cb\" data-element_type=\"container\">\n\t\t\t\t<div class=\"elementor-element elementor-element-5d82540 elementor-arrows-position-inside elementor-pagination-position-outside elementor-widget elementor-widget-image-carousel\" data-id=\"5d82540\" data-element_type=\"widget\" data-settings=\"{&quot;slides_to_show&quot;:&quot;1&quot;,&quot;navigation&quot;:&quot;both&quot;,&quot;autoplay&quot;:&quot;yes&quot;,&quot;pause_on_hover&quot;:&quot;yes&quot;,&quot;pause_on_interaction&quot;:&quot;yes&quot;,&quot;autoplay_speed&quot;:5000,&quot;infinite&quot;:&quot;yes&quot;,&quot;effect&quot;:&quot;slide&quot;,&quot;speed&quot;:500}\" data-widget_type=\"image-carousel.default\">\n\t\t\t\t<div class=\"elementor-widget-container\">\n\t\t\t\t\t<div class=\"elementor-image-carousel-wrapper swiper\" dir=\"ltr\">\n\t\t\t<div class=\"elementor-image-carousel swiper-wrapper swiper-image-stretch\" aria-live=\"off\">\n\t\t\t\t\t\t\t\t<div class=\"swiper-slide\" role=\"group\" aria-roledescription=\"slide\" aria-label=\"1 de 1\"><figure class=\"swiper-slide-inner\"><img decoding=\"async\" class=\"swiper-slide-image\" src=\"https:\/\/fcgriopailacastilla.org\/site\/wp-content\/uploads\/2024\/09\/BANNER-AGENDA-CIUDADANA.jpg\" alt=\"BANNER - AGENDA CIUDADANA\" \/><\/figure><\/div>\t\t\t<\/div>\n\t\t\t\t\t<\/div>\n\t\t\t\t<\/div>\n\t\t\t\t<\/div>\n\t\t\t\t<\/div>\n\t\t<div class=\"elementor-element elementor-element-5bfdce2 e-con-full e-flex e-con e-parent\" data-id=\"5bfdce2\" data-element_type=\"container\">\n\t\t<div class=\"elementor-element elementor-element-4969ba9 e-con-full e-flex e-con e-child\" data-id=\"4969ba9\" data-element_type=\"container\">\n\t\t\t\t<div class=\"elementor-element elementor-element-428cb6d elementor-widget elementor-widget-image\" data-id=\"428cb6d\" data-element_type=\"widget\" data-widget_type=\"image.default\">\n\t\t\t\t<div class=\"elementor-widget-container\">\n\t\t\t\t\t\t\t\t\t\t\t\t\t<img fetchpriority=\"high\" decoding=\"async\" width=\"680\" height=\"761\" src=\"https:\/\/fcgriopailacastilla.org\/site\/wp-content\/uploads\/2024\/09\/Agenda-ciudadana-1.png\" class=\"attachment-large size-large wp-image-2716\" alt=\"\" srcset=\"https:\/\/fcgriopailacastilla.org\/site\/wp-content\/uploads\/2024\/09\/Agenda-ciudadana-1.png 680w, https:\/\/fcgriopailacastilla.org\/site\/wp-content\/uploads\/2024\/09\/Agenda-ciudadana-1-268x300.png 268w\" sizes=\"(max-width: 680px) 100vw, 680px\" \/>\t\t\t\t\t\t\t\t\t\t\t\t\t<\/div>\n\t\t\t\t<\/div>\n\t\t\t\t<\/div>\n\t\t<div class=\"elementor-element elementor-element-f36767c e-con-full e-flex e-con e-child\" data-id=\"f36767c\" data-element_type=\"container\">\n\t\t\t\t<div class=\"elementor-element elementor-element-3aab9dc elementor-widget elementor-widget-heading\" data-id=\"3aab9dc\" data-element_type=\"widget\" data-widget_type=\"heading.default\">\n\t\t\t\t<div class=\"elementor-widget-container\">\n\t\t\t<h2 class=\"elementor-heading-title elementor-size-default\">Agenda Ciudadana, pol\u00edticas p\u00fablicas e impulso a bienes y servicios p\u00fablicos desde la gobernanza: articulaci\u00f3n para la gesti\u00f3n p\u00fablica local eficiente<\/h2>\t\t<\/div>\n\t\t\t\t<\/div>\n\t\t\t\t<\/div>\n\t\t\t\t<\/div>\n\t\t<div class=\"elementor-element elementor-element-3950a85 e-con-full e-flex e-con e-parent\" data-id=\"3950a85\" data-element_type=\"container\">\n\t\t\t\t<div class=\"elementor-element elementor-element-bc14f8f elementor-widget elementor-widget-text-editor\" data-id=\"bc14f8f\" data-element_type=\"widget\" data-widget_type=\"text-editor.default\">\n\t\t\t\t<div class=\"elementor-widget-container\">\n\t\t\t\t\t\t\tEl proceso de acompa\u00f1amiento t\u00e9cnico para la construcci\u00f3n de la Agenda Ciudadana, formulaci\u00f3n o ajuste de pol\u00edticas p\u00fablicas o herramientas de planificaci\u00f3n territorial se realiza con el fin de aportar al fortalecimiento de la gobernanza territorial desde los enfoques de derechos y de desarrollo territorial; implica generar capacidades t\u00e9cnicas para que el gobierno local mejore la gesti\u00f3n, de acuerdo con sus competencias municipales como ruta para garantizar los derechos de los ciudadanos; dem\u00e1s, considera el fomento a la participaci\u00f3n y a la corresponsabilidad ciudadana, y las garant\u00edas para el ejercicio del derecho de expresar sus intereses, proponer y participar en toma de decisiones de asuntos de inter\u00e9s p\u00fablicos.\t\t\t\t\t\t<\/div>\n\t\t\t\t<\/div>\n\t\t\t\t<\/div>\n\t\t<div class=\"elementor-element elementor-element-5113782 e-con-full e-flex e-con e-parent\" data-id=\"5113782\" data-element_type=\"container\">\n\t\t<div class=\"elementor-element elementor-element-ce5d1a4 e-con-full e-flex e-con e-child\" data-id=\"ce5d1a4\" data-element_type=\"container\">\n\t\t\t\t<div class=\"elementor-element elementor-element-c3b5785 elementor-widget elementor-widget-text-editor\" data-id=\"c3b5785\" data-element_type=\"widget\" data-widget_type=\"text-editor.default\">\n\t\t\t\t<div class=\"elementor-widget-container\">\n\t\t\t\t\t\t\t<p><em>\u201cSe trata de sumar lo que cada uno conoce, adem\u00e1s de unir las capacidades, esfuerzos y actuaciones m\u00edas con las de otros por el desarrollo de nuestro municipio. Es un proceso que hacemos como una de nuestras grandes insistencias de juntarnos para que seamos reconocidos como ciudadanos con derechos y parte activa de todo.\u201d<\/em> Arturo, l\u00edder comunal de Florida (Valle).<\/p>\t\t\t\t\t\t<\/div>\n\t\t\t\t<\/div>\n\t\t\t\t<\/div>\n\t\t<div class=\"elementor-element elementor-element-41962db e-con-full e-flex e-con e-child\" data-id=\"41962db\" data-element_type=\"container\">\n\t\t\t\t<div class=\"elementor-element elementor-element-10b1094 elementor-widget elementor-widget-image\" data-id=\"10b1094\" data-element_type=\"widget\" data-widget_type=\"image.default\">\n\t\t\t\t<div class=\"elementor-widget-container\">\n\t\t\t\t\t\t\t\t\t\t\t\t\t<img decoding=\"async\" width=\"668\" height=\"606\" src=\"https:\/\/fcgriopailacastilla.org\/site\/wp-content\/uploads\/2024\/09\/Arturo.png\" class=\"attachment-large size-large wp-image-2706\" alt=\"\" srcset=\"https:\/\/fcgriopailacastilla.org\/site\/wp-content\/uploads\/2024\/09\/Arturo.png 668w, https:\/\/fcgriopailacastilla.org\/site\/wp-content\/uploads\/2024\/09\/Arturo-300x272.png 300w\" sizes=\"(max-width: 668px) 100vw, 668px\" \/>\t\t\t\t\t\t\t\t\t\t\t\t\t<\/div>\n\t\t\t\t<\/div>\n\t\t\t\t<\/div>\n\t\t\t\t<\/div>\n\t\t<div class=\"elementor-element elementor-element-ac1b456 e-con-full e-flex e-con e-parent\" data-id=\"ac1b456\" data-element_type=\"container\">\n\t\t\t\t<div class=\"elementor-element elementor-element-1cec3cd elementor-widget elementor-widget-text-editor\" data-id=\"1cec3cd\" data-element_type=\"widget\" data-widget_type=\"text-editor.default\">\n\t\t\t\t<div class=\"elementor-widget-container\">\n\t\t\t\t\t\t\tEn la pr\u00e1ctica, priorizar los asuntos, iniciativas y proyectos es un reto para la ciudadan\u00eda, present\u00e1ndose dificultades para lograr los niveles de representatividad; en ese sentido otro desaf\u00edo consiste en establecer la ruta metodol\u00f3gica para que todos los asuntos puedan discutirse y se establezcan acuerdos y consensos de manera armonizada e incluyente.\t\t\t\t\t\t<\/div>\n\t\t\t\t<\/div>\n\t\t\t\t<\/div>\n\t\t<div class=\"elementor-element elementor-element-8ee3600 e-con-full e-flex e-con e-parent\" data-id=\"8ee3600\" data-element_type=\"container\">\n\t\t<div class=\"elementor-element elementor-element-a2fac1b e-con-full e-flex e-con e-child\" data-id=\"a2fac1b\" data-element_type=\"container\">\n\t\t\t\t<div class=\"elementor-element elementor-element-095e1e2 elementor-widget elementor-widget-image\" data-id=\"095e1e2\" data-element_type=\"widget\" data-widget_type=\"image.default\">\n\t\t\t\t<div class=\"elementor-widget-container\">\n\t\t\t\t\t\t\t\t\t\t\t\t\t<img decoding=\"async\" width=\"541\" height=\"506\" src=\"https:\/\/fcgriopailacastilla.org\/site\/wp-content\/uploads\/2024\/09\/Julieta-Asesora.png\" class=\"attachment-large size-large wp-image-2746\" alt=\"\" srcset=\"https:\/\/fcgriopailacastilla.org\/site\/wp-content\/uploads\/2024\/09\/Julieta-Asesora.png 541w, https:\/\/fcgriopailacastilla.org\/site\/wp-content\/uploads\/2024\/09\/Julieta-Asesora-300x281.png 300w\" sizes=\"(max-width: 541px) 100vw, 541px\" \/>\t\t\t\t\t\t\t\t\t\t\t\t\t<\/div>\n\t\t\t\t<\/div>\n\t\t\t\t<\/div>\n\t\t<div class=\"elementor-element elementor-element-1ff86ba e-con-full e-flex e-con e-child\" data-id=\"1ff86ba\" data-element_type=\"container\">\n\t\t\t\t<div class=\"elementor-element elementor-element-6c41148 elementor-widget elementor-widget-text-editor\" data-id=\"6c41148\" data-element_type=\"widget\" data-widget_type=\"text-editor.default\">\n\t\t\t\t<div class=\"elementor-widget-container\">\n\t\t\t\t\t\t\t<p><em>\u201cImag\u00ednese que ya tenemos cumplido un sue\u00f1o de hace m\u00e1s de 40 a\u00f1os en Florida, con la llegada de la Universidad del Valle y sus 3 carreras universitarias con el proyecto del Campus Universitario que empezamos a idear hace 2 periodos de gobierno, lo dejamos en la Pol\u00edtica P\u00fablica Educativa aprobada en el a\u00f1o 2012 y todo fue posible por la articulaci\u00f3n de la Alcald\u00eda, la Universidad y el apoyo de la Fundaci\u00f3n\u201d<\/em>, manifiesta Julieta, asesora de la Alcald\u00eda de Florida (Valle).<\/p>\t\t\t\t\t\t<\/div>\n\t\t\t\t<\/div>\n\t\t\t\t<\/div>\n\t\t\t\t<\/div>\n\t\t<div class=\"elementor-element elementor-element-848e0a7 e-con-full e-flex e-con e-parent\" data-id=\"848e0a7\" data-element_type=\"container\">\n\t\t\t\t<div class=\"elementor-element elementor-element-7bcd149 elementor-widget elementor-widget-heading\" data-id=\"7bcd149\" data-element_type=\"widget\" data-widget_type=\"heading.default\">\n\t\t\t\t<div class=\"elementor-widget-container\">\n\t\t\t<h2 class=\"elementor-heading-title elementor-size-default\">HISTORIAS QUE TRANSFORMAN<\/h2>\t\t<\/div>\n\t\t\t\t<\/div>\n\t\t\t\t<\/div>\n\t\t<div class=\"elementor-element elementor-element-0ce2418 e-con-full e-flex e-con e-parent\" data-id=\"0ce2418\" data-element_type=\"container\">\n\t\t<div class=\"elementor-element elementor-element-952af3c e-con-full e-flex e-con e-child\" data-id=\"952af3c\" data-element_type=\"container\">\n\t\t\t\t<div class=\"elementor-element elementor-element-4121167 elementor-widget elementor-widget-video\" data-id=\"4121167\" data-element_type=\"widget\" data-settings=\"{&quot;youtube_url&quot;:&quot;https:\\\/\\\/youtu.be\\\/Cba4g6SqkHA&quot;,&quot;video_type&quot;:&quot;youtube&quot;,&quot;controls&quot;:&quot;yes&quot;}\" data-widget_type=\"video.default\">\n\t\t\t\t<div class=\"elementor-widget-container\">\n\t\t\t\t\t<div class=\"elementor-wrapper elementor-open-inline\">\n\t\t\t<div class=\"elementor-video\"><\/div>\t\t<\/div>\n\t\t\t\t<\/div>\n\t\t\t\t<\/div>\n\t\t\t\t<\/div>\n\t\t<div class=\"elementor-element elementor-element-7ac087c e-con-full e-flex e-con e-child\" data-id=\"7ac087c\" data-element_type=\"container\">\n\t\t\t\t<div class=\"elementor-element elementor-element-9c41c78 elementor-widget elementor-widget-video\" data-id=\"9c41c78\" data-element_type=\"widget\" data-settings=\"{&quot;youtube_url&quot;:&quot;https:\\\/\\\/youtu.be\\\/k2C6sSM9It0&quot;,&quot;video_type&quot;:&quot;youtube&quot;,&quot;controls&quot;:&quot;yes&quot;}\" data-widget_type=\"video.default\">\n\t\t\t\t<div class=\"elementor-widget-container\">\n\t\t\t\t\t<div class=\"elementor-wrapper elementor-open-inline\">\n\t\t\t<div class=\"elementor-video\"><\/div>\t\t<\/div>\n\t\t\t\t<\/div>\n\t\t\t\t<\/div>\n\t\t\t\t<\/div>\n\t\t<div class=\"elementor-element elementor-element-3ea6d62 e-con-full e-flex e-con e-child\" data-id=\"3ea6d62\" data-element_type=\"container\">\n\t\t\t\t<div class=\"elementor-element elementor-element-bc749bc elementor-widget elementor-widget-video\" data-id=\"bc749bc\" data-element_type=\"widget\" data-settings=\"{&quot;youtube_url&quot;:&quot;https:\\\/\\\/youtu.be\\\/VU-JjWN2o68&quot;,&quot;video_type&quot;:&quot;youtube&quot;,&quot;controls&quot;:&quot;yes&quot;}\" data-widget_type=\"video.default\">\n\t\t\t\t<div class=\"elementor-widget-container\">\n\t\t\t\t\t<div class=\"elementor-wrapper elementor-open-inline\">\n\t\t\t<div class=\"elementor-video\"><\/div>\t\t<\/div>\n\t\t\t\t<\/div>\n\t\t\t\t<\/div>\n\t\t\t\t<\/div>\n\t\t\t\t<\/div>\n\t\t<div class=\"elementor-element elementor-element-2c8f343 e-con-full e-flex e-con e-parent\" data-id=\"2c8f343\" data-element_type=\"container\">\n\t\t\t\t<div class=\"elementor-element elementor-element-db81640 elementor-widget elementor-widget-button\" data-id=\"db81640\" data-element_type=\"widget\" data-widget_type=\"button.default\">\n\t\t\t\t<div class=\"elementor-widget-container\">\n\t\t\t\t\t<div class=\"elementor-button-wrapper\">\n\t\t\t<a class=\"elementor-button elementor-button-link elementor-size-sm\" href=\"https:\/\/fcgriopailacastilla.org\/site\/gobernanza-territorial\">\n\t\t\t\t\t\t<span class=\"elementor-button-content-wrapper\">\n\t\t\t\t\t\t\t\t\t<span class=\"elementor-button-text\">Gobernanza Territorial<\/span>\n\t\t\t\t\t<\/span>\n\t\t\t\t\t<\/a>\n\t\t<\/div>\n\t\t\t\t<\/div>\n\t\t\t\t<\/div>\n\t\t\t\t<\/div>\n\t\t\t\t<\/div>\n\t\t","protected":false},"excerpt":{"rendered":"<p>Agenda Ciudadana, pol\u00edticas p\u00fablicas e impulso a bienes y servicios p\u00fablicos desde la gobernanza: articulaci\u00f3n para la gesti\u00f3n p\u00fablica local eficiente El proceso de acompa\u00f1amiento t\u00e9cnico para la construcci\u00f3n de&hellip;<\/p>\n","protected":false},"author":1,"featured_media":0,"parent":0,"menu_order":0,"comment_status":"closed","ping_status":"closed","template":"elementor_header_footer","meta":{"footnotes":""},"class_list":["post-516","page","type-page","status-publish","hentry"],"_links":{"self":[{"href":"https:\/\/fcgriopailacastilla.org\/site\/wp-json\/wp\/v2\/pages\/516","targetHints":{"allow":["GET"]}}],"collection":[{"href":"https:\/\/fcgriopailacastilla.org\/site\/wp-json\/wp\/v2\/pages"}],"about":[{"href":"https:\/\/fcgriopailacastilla.org\/site\/wp-json\/wp\/v2\/types\/page"}],"author":[{"embeddable":true,"href":"https:\/\/fcgriopailacastilla.org\/site\/wp-json\/wp\/v2\/users\/1"}],"replies":[{"embeddable":true,"href":"https:\/\/fcgriopailacastilla.org\/site\/wp-json\/wp\/v2\/comments?post=516"}],"version-history":[{"count":29,"href":"https:\/\/fcgriopailacastilla.org\/site\/wp-json\/wp\/v2\/pages\/516\/revisions"}],"predecessor-version":[{"id":2826,"href":"https:\/\/fcgriopailacastilla.org\/site\/wp-json\/wp\/v2\/pages\/516\/revisions\/2826"}],"wp:attachment":[{"href":"https:\/\/fcgriopailacastilla.org\/site\/wp-json\/wp\/v2\/media?parent=516"}],"curies":[{"name":"wp","href":"https:\/\/api.w.org\/{rel}","templated":true}]}}