{"id":483,"date":"2024-09-18T20:39:32","date_gmt":"2024-09-18T20:39:32","guid":{"rendered":"https:\/\/fcgriopailacastilla.org\/site\/?page_id=483"},"modified":"2025-04-25T15:41:09","modified_gmt":"2025-04-25T15:41:09","slug":"aprendizaje-innovacion","status":"publish","type":"page","link":"https:\/\/fcgriopailacastilla.org\/site\/aprendizaje-innovacion\/","title":{"rendered":"Gesti\u00f3n del Aprendizaje y la Innovaci\u00f3n Social"},"content":{"rendered":"\t\t<div data-elementor-type=\"wp-page\" data-elementor-id=\"483\" class=\"elementor elementor-483\">\n\t\t\t\t<div class=\"elementor-element elementor-element-af5dc7a e-con-full e-flex e-con e-parent\" data-id=\"af5dc7a\" data-element_type=\"container\" data-settings=\"{&quot;background_background&quot;:&quot;classic&quot;}\">\n\t\t\t\t<div class=\"elementor-element elementor-element-6ab8757 elementor-arrows-position-inside elementor-pagination-position-outside elementor-widget elementor-widget-image-carousel\" data-id=\"6ab8757\" data-element_type=\"widget\" data-settings=\"{&quot;slides_to_show&quot;:&quot;1&quot;,&quot;navigation&quot;:&quot;both&quot;,&quot;autoplay&quot;:&quot;yes&quot;,&quot;pause_on_hover&quot;:&quot;yes&quot;,&quot;pause_on_interaction&quot;:&quot;yes&quot;,&quot;autoplay_speed&quot;:5000,&quot;infinite&quot;:&quot;yes&quot;,&quot;effect&quot;:&quot;slide&quot;,&quot;speed&quot;:500}\" data-widget_type=\"image-carousel.default\">\n\t\t\t\t<div class=\"elementor-widget-container\">\n\t\t\t\t\t<div class=\"elementor-image-carousel-wrapper swiper\" dir=\"ltr\">\n\t\t\t<div class=\"elementor-image-carousel swiper-wrapper swiper-image-stretch\" aria-live=\"off\">\n\t\t\t\t\t\t\t\t<div class=\"swiper-slide\" role=\"group\" aria-roledescription=\"slide\" aria-label=\"1 de 1\"><figure class=\"swiper-slide-inner\"><img decoding=\"async\" class=\"swiper-slide-image\" src=\"https:\/\/fcgriopailacastilla.org\/site\/wp-content\/uploads\/2025\/04\/BANNER_EJES-ESTRATEGICOS-1.jpg\" alt=\"BANNER_EJES-ESTRATEGICOS-1\" \/><\/figure><\/div>\t\t\t<\/div>\n\t\t\t\t\t<\/div>\n\t\t\t\t<\/div>\n\t\t\t\t<\/div>\n\t\t\t\t<\/div>\n\t\t<div class=\"elementor-element elementor-element-12a9b01 e-con-full e-flex e-con e-parent\" data-id=\"12a9b01\" data-element_type=\"container\">\n\t\t\t\t<div class=\"elementor-element elementor-element-292e5f3 elementor-widget elementor-widget-text-editor\" data-id=\"292e5f3\" data-element_type=\"widget\" data-widget_type=\"text-editor.default\">\n\t\t\t\t<div class=\"elementor-widget-container\">\n\t\t\t\t\t\t\t<h5>Conectando saberes y construyendo relaciones<\/h5>\t\t\t\t\t\t<\/div>\n\t\t\t\t<\/div>\n\t\t\t\t<div class=\"elementor-element elementor-element-55ad515 elementor-widget elementor-widget-heading\" data-id=\"55ad515\" data-element_type=\"widget\" data-widget_type=\"heading.default\">\n\t\t\t\t<div class=\"elementor-widget-container\">\n\t\t\t<h5 class=\"elementor-heading-title elementor-size-default\">Gesti\u00f3n del Aprendizaje y la Innovaci\u00f3n Social<\/h5>\t\t<\/div>\n\t\t\t\t<\/div>\n\t\t\t\t<\/div>\n\t\t<div class=\"elementor-element elementor-element-42e025b e-con-full e-flex e-con e-parent\" data-id=\"42e025b\" data-element_type=\"container\">\n\t\t\t\t<div class=\"elementor-element elementor-element-491b235 elementor-widget elementor-widget-image\" data-id=\"491b235\" data-element_type=\"widget\" data-widget_type=\"image.default\">\n\t\t\t\t<div class=\"elementor-widget-container\">\n\t\t\t\t\t\t\t\t\t\t\t\t\t<img fetchpriority=\"high\" decoding=\"async\" width=\"1024\" height=\"386\" src=\"https:\/\/fcgriopailacastilla.org\/site\/wp-content\/uploads\/2025\/04\/foto-gestion-del-aprendizaje_Mesa-de-trabajo-1-copia-16-1024x386.jpg\" class=\"attachment-large size-large wp-image-3199\" alt=\"\" srcset=\"https:\/\/fcgriopailacastilla.org\/site\/wp-content\/uploads\/2025\/04\/foto-gestion-del-aprendizaje_Mesa-de-trabajo-1-copia-16-1024x386.jpg 1024w, https:\/\/fcgriopailacastilla.org\/site\/wp-content\/uploads\/2025\/04\/foto-gestion-del-aprendizaje_Mesa-de-trabajo-1-copia-16-300x113.jpg 300w, https:\/\/fcgriopailacastilla.org\/site\/wp-content\/uploads\/2025\/04\/foto-gestion-del-aprendizaje_Mesa-de-trabajo-1-copia-16-768x289.jpg 768w, https:\/\/fcgriopailacastilla.org\/site\/wp-content\/uploads\/2025\/04\/foto-gestion-del-aprendizaje_Mesa-de-trabajo-1-copia-16-1536x578.jpg 1536w, https:\/\/fcgriopailacastilla.org\/site\/wp-content\/uploads\/2025\/04\/foto-gestion-del-aprendizaje_Mesa-de-trabajo-1-copia-16-2048x771.jpg 2048w\" sizes=\"(max-width: 1024px) 100vw, 1024px\" \/>\t\t\t\t\t\t\t\t\t\t\t\t\t<\/div>\n\t\t\t\t<\/div>\n\t\t\t\t<\/div>\n\t\t<div class=\"elementor-element elementor-element-5e40560 e-flex e-con-boxed e-con e-parent\" data-id=\"5e40560\" data-element_type=\"container\">\n\t\t\t\t\t<div class=\"e-con-inner\">\n\t\t<div class=\"elementor-element elementor-element-cf3f22c e-con-full e-flex e-con e-child\" data-id=\"cf3f22c\" data-element_type=\"container\">\n\t\t\t\t<div class=\"elementor-element elementor-element-c603317 elementor-widget elementor-widget-text-editor\" data-id=\"c603317\" data-element_type=\"widget\" data-widget_type=\"text-editor.default\">\n\t\t\t\t<div class=\"elementor-widget-container\">\n\t\t\t\t\t\t\t<p>El capital intelectual de la Fundaci\u00f3n apalanca la generaci\u00f3n de valor y la sostenibilidad institucional; se configura a partir de las capacidades, habilidades y competencias del equipo humano; las relaciones y v\u00ednculos con los grupos de inter\u00e9s y nuestros aliados; y el conocimiento que cimienta la estrategia y la pr\u00e1ctica social. Para nutrir este capital intelectual, el Eje de Gesti\u00f3n del Aprendizaje y la Innovaci\u00f3n Social, asegura que los aprendizajes e innovaciones que se generan en la pr\u00e1ctica social potencien la capacidad para impulsar transformaciones sociales.<\/p>\t\t\t\t\t\t<\/div>\n\t\t\t\t<\/div>\n\t\t\t\t<\/div>\n\t\t<div class=\"elementor-element elementor-element-2173fdd e-con-full e-flex e-con e-child\" data-id=\"2173fdd\" data-element_type=\"container\">\n\t\t\t\t<div class=\"elementor-element elementor-element-622736b elementor-widget elementor-widget-text-editor\" data-id=\"622736b\" data-element_type=\"widget\" data-widget_type=\"text-editor.default\">\n\t\t\t\t<div class=\"elementor-widget-container\">\n\t\t\t\t\t\t\t<p>Este eje estrat\u00e9gico articula los procesos de gesti\u00f3n del conocimiento, comunicaci\u00f3n para el desarrollo, talento humano y cultura organizacional para asegurar en todo el equipo humano el fortalecimiento y despliegue de las capacidades estrat\u00e9gicas, t\u00e9cnicas y relacionales que logran nuestro prop\u00f3sito superior.<\/p>\t\t\t\t\t\t<\/div>\n\t\t\t\t<\/div>\n\t\t\t\t<\/div>\n\t\t\t\t\t<\/div>\n\t\t\t\t<\/div>\n\t\t<div class=\"elementor-element elementor-element-f19fabd e-con-full e-flex e-con e-parent\" data-id=\"f19fabd\" data-element_type=\"container\">\n\t\t\t\t<div class=\"elementor-element elementor-element-f9c04bc elementor-widget elementor-widget-image\" data-id=\"f9c04bc\" data-element_type=\"widget\" data-widget_type=\"image.default\">\n\t\t\t\t<div class=\"elementor-widget-container\">\n\t\t\t\t\t\t\t\t\t\t\t\t\t<img decoding=\"async\" width=\"1024\" height=\"595\" src=\"https:\/\/fcgriopailacastilla.org\/site\/wp-content\/uploads\/2025\/04\/Modelo-GA-01-1024x595.png\" class=\"attachment-large size-large wp-image-3203\" alt=\"\" srcset=\"https:\/\/fcgriopailacastilla.org\/site\/wp-content\/uploads\/2025\/04\/Modelo-GA-01-1024x595.png 1024w, https:\/\/fcgriopailacastilla.org\/site\/wp-content\/uploads\/2025\/04\/Modelo-GA-01-300x174.png 300w, https:\/\/fcgriopailacastilla.org\/site\/wp-content\/uploads\/2025\/04\/Modelo-GA-01-768x446.png 768w, https:\/\/fcgriopailacastilla.org\/site\/wp-content\/uploads\/2025\/04\/Modelo-GA-01-1536x892.png 1536w, https:\/\/fcgriopailacastilla.org\/site\/wp-content\/uploads\/2025\/04\/Modelo-GA-01-2048x1189.png 2048w\" sizes=\"(max-width: 1024px) 100vw, 1024px\" \/>\t\t\t\t\t\t\t\t\t\t\t\t\t<\/div>\n\t\t\t\t<\/div>\n\t\t\t\t<\/div>\n\t\t\t\t<\/div>\n\t\t","protected":false},"excerpt":{"rendered":"<p>Conectando saberes y construyendo relaciones Gesti\u00f3n del Aprendizaje y la Innovaci\u00f3n Social El capital intelectual de la Fundaci\u00f3n apalanca la generaci\u00f3n de valor y la sostenibilidad institucional; se configura a&hellip;<\/p>\n","protected":false},"author":1,"featured_media":0,"parent":0,"menu_order":0,"comment_status":"closed","ping_status":"closed","template":"elementor_header_footer","meta":{"footnotes":""},"class_list":["post-483","page","type-page","status-publish","hentry"],"_links":{"self":[{"href":"https:\/\/fcgriopailacastilla.org\/site\/wp-json\/wp\/v2\/pages\/483","targetHints":{"allow":["GET"]}}],"collection":[{"href":"https:\/\/fcgriopailacastilla.org\/site\/wp-json\/wp\/v2\/pages"}],"about":[{"href":"https:\/\/fcgriopailacastilla.org\/site\/wp-json\/wp\/v2\/types\/page"}],"author":[{"embeddable":true,"href":"https:\/\/fcgriopailacastilla.org\/site\/wp-json\/wp\/v2\/users\/1"}],"replies":[{"embeddable":true,"href":"https:\/\/fcgriopailacastilla.org\/site\/wp-json\/wp\/v2\/comments?post=483"}],"version-history":[{"count":126,"href":"https:\/\/fcgriopailacastilla.org\/site\/wp-json\/wp\/v2\/pages\/483\/revisions"}],"predecessor-version":[{"id":3224,"href":"https:\/\/fcgriopailacastilla.org\/site\/wp-json\/wp\/v2\/pages\/483\/revisions\/3224"}],"wp:attachment":[{"href":"https:\/\/fcgriopailacastilla.org\/site\/wp-json\/wp\/v2\/media?parent=483"}],"curies":[{"name":"wp","href":"https:\/\/api.w.org\/{rel}","templated":true}]}}