{"id":422,"date":"2024-09-18T19:01:41","date_gmt":"2024-09-18T19:01:41","guid":{"rendered":"https:\/\/fcgriopailacastilla.org\/site\/?page_id=422"},"modified":"2024-10-11T16:31:06","modified_gmt":"2024-10-11T16:31:06","slug":"agricultura-familiar","status":"publish","type":"page","link":"https:\/\/fcgriopailacastilla.org\/site\/agricultura-familiar\/","title":{"rendered":"Agricultura familiar"},"content":{"rendered":"\t\t<div data-elementor-type=\"wp-page\" data-elementor-id=\"422\" class=\"elementor elementor-422\">\n\t\t\t\t<div class=\"elementor-element elementor-element-0a52990 e-con-full e-flex e-con e-parent\" data-id=\"0a52990\" data-element_type=\"container\">\n\t\t\t\t<div class=\"elementor-element elementor-element-3621477 elementor-arrows-position-inside elementor-pagination-position-outside elementor-widget elementor-widget-image-carousel\" data-id=\"3621477\" data-element_type=\"widget\" data-settings=\"{&quot;slides_to_show&quot;:&quot;1&quot;,&quot;navigation&quot;:&quot;both&quot;,&quot;autoplay&quot;:&quot;yes&quot;,&quot;pause_on_hover&quot;:&quot;yes&quot;,&quot;pause_on_interaction&quot;:&quot;yes&quot;,&quot;autoplay_speed&quot;:5000,&quot;infinite&quot;:&quot;yes&quot;,&quot;effect&quot;:&quot;slide&quot;,&quot;speed&quot;:500}\" data-widget_type=\"image-carousel.default\">\n\t\t\t\t<div class=\"elementor-widget-container\">\n\t\t\t\t\t<div class=\"elementor-image-carousel-wrapper swiper\" dir=\"ltr\">\n\t\t\t<div class=\"elementor-image-carousel swiper-wrapper swiper-image-stretch\" aria-live=\"off\">\n\t\t\t\t\t\t\t\t<div class=\"swiper-slide\" role=\"group\" aria-roledescription=\"slide\" aria-label=\"1 de 1\"><figure class=\"swiper-slide-inner\"><img decoding=\"async\" class=\"swiper-slide-image\" src=\"https:\/\/fcgriopailacastilla.org\/site\/wp-content\/uploads\/2024\/09\/BANNER_AGRICULTURA-FAMILIAR_Mesa-de-trabajo-1-copia-10.jpg\" alt=\"BANNER_AGRICULTURA FAMILIAR_Mesa de trabajo 1 copia 10\" \/><\/figure><\/div>\t\t\t<\/div>\n\t\t\t\t\t<\/div>\n\t\t\t\t<\/div>\n\t\t\t\t<\/div>\n\t\t\t\t<\/div>\n\t\t<div class=\"elementor-element elementor-element-8e7f6c5 e-con-full e-flex e-con e-parent\" data-id=\"8e7f6c5\" data-element_type=\"container\">\n\t\t<div class=\"elementor-element elementor-element-e6a6b42 e-con-full e-flex e-con e-child\" data-id=\"e6a6b42\" data-element_type=\"container\">\n\t\t\t\t<div class=\"elementor-element elementor-element-40c362e elementor-widget elementor-widget-image\" data-id=\"40c362e\" data-element_type=\"widget\" data-widget_type=\"image.default\">\n\t\t\t\t<div class=\"elementor-widget-container\">\n\t\t\t\t\t\t\t\t\t\t\t\t\t<img fetchpriority=\"high\" decoding=\"async\" width=\"514\" height=\"649\" src=\"https:\/\/fcgriopailacastilla.org\/site\/wp-content\/uploads\/2024\/09\/Agricultura-familiar.png\" class=\"attachment-large size-large wp-image-2750\" alt=\"\" srcset=\"https:\/\/fcgriopailacastilla.org\/site\/wp-content\/uploads\/2024\/09\/Agricultura-familiar.png 514w, https:\/\/fcgriopailacastilla.org\/site\/wp-content\/uploads\/2024\/09\/Agricultura-familiar-238x300.png 238w\" sizes=\"(max-width: 514px) 100vw, 514px\" \/>\t\t\t\t\t\t\t\t\t\t\t\t\t<\/div>\n\t\t\t\t<\/div>\n\t\t\t\t<\/div>\n\t\t<div class=\"elementor-element elementor-element-86b029d e-con-full e-flex e-con e-child\" data-id=\"86b029d\" data-element_type=\"container\">\n\t\t\t\t<div class=\"elementor-element elementor-element-70190dc elementor-widget elementor-widget-heading\" data-id=\"70190dc\" data-element_type=\"widget\" data-widget_type=\"heading.default\">\n\t\t\t\t<div class=\"elementor-widget-container\">\n\t\t\t<h2 class=\"elementor-heading-title elementor-size-default\">M\u00e1s y mejores alimentos desde la agricultura familiar - huertas multiprop\u00f3sito<\/h2>\t\t<\/div>\n\t\t\t\t<\/div>\n\t\t\t\t<div class=\"elementor-element elementor-element-08856d0 elementor-align-left elementor-widget elementor-widget-button\" data-id=\"08856d0\" data-element_type=\"widget\" data-widget_type=\"button.default\">\n\t\t\t\t<div class=\"elementor-widget-container\">\n\t\t\t\t\t<div class=\"elementor-button-wrapper\">\n\t\t\t<a class=\"elementor-button elementor-button-link elementor-size-sm\" href=\"https:\/\/fcgriopailacastilla.org\/site\/cadenas-agroalimentarias\">\n\t\t\t\t\t\t<span class=\"elementor-button-content-wrapper\">\n\t\t\t\t\t\t\t\t\t<span class=\"elementor-button-text\">Cadenas Agroalimentarias<\/span>\n\t\t\t\t\t<\/span>\n\t\t\t\t\t<\/a>\n\t\t<\/div>\n\t\t\t\t<\/div>\n\t\t\t\t<\/div>\n\t\t\t\t<\/div>\n\t\t\t\t<\/div>\n\t\t<div class=\"elementor-element elementor-element-300caae e-con-full e-flex e-con e-parent\" data-id=\"300caae\" data-element_type=\"container\">\n\t\t\t\t<div class=\"elementor-element elementor-element-eab665b elementor-widget elementor-widget-text-editor\" data-id=\"eab665b\" data-element_type=\"widget\" data-widget_type=\"text-editor.default\">\n\t\t\t\t<div class=\"elementor-widget-container\">\n\t\t\t\t\t\t\tLa pr\u00e1ctica se desarrolla en municipios con un alto nivel de ruralidad, participan organizaciones ind\u00edgenas, Consejos Comunitarios Afrocolombianos, asociaciones campesinas y sus familias vinculadas. Esta diversidad permea los procesos, dado que la agricultura pasa de ser un proceso t\u00e9cnico para estar inmerso en la cultura, en las creencias y se fusiona con las pr\u00e1cticas ancestrales y visi\u00f3n propia del rol de la alimentaci\u00f3n para las comunidades. \t\t\t\t\t\t<\/div>\n\t\t\t\t<\/div>\n\t\t\t\t<\/div>\n\t\t<div class=\"elementor-element elementor-element-703c353 e-con-full e-flex e-con e-parent\" data-id=\"703c353\" data-element_type=\"container\">\n\t\t\t\t<div class=\"elementor-element elementor-element-af9fb5b elementor-widget elementor-widget-text-editor\" data-id=\"af9fb5b\" data-element_type=\"widget\" data-widget_type=\"text-editor.default\">\n\t\t\t\t<div class=\"elementor-widget-container\">\n\t\t\t\t\t\t\tEn superficies promedio de 35 a 50 m2, se observan cultivos de ma\u00edz, fr\u00edjol, tomate, aj\u00ed, piment\u00f3n, cebolla, or\u00e9gano, lechuga, espinacas, cilantro, plantas medicinales y arom\u00e1ticas y hasta frutales, que se constituyen en los huertos ubicados en predios contiguos a las viviendas que tienen la funci\u00f3n de proveer alimentos con pr\u00e1cticas tradicionales y agroecolog\u00eda. \t\t\t\t\t\t<\/div>\n\t\t\t\t<\/div>\n\t\t\t\t<\/div>\n\t\t<div class=\"elementor-element elementor-element-acad2b5 e-con-full e-flex e-con e-parent\" data-id=\"acad2b5\" data-element_type=\"container\">\n\t\t<div class=\"elementor-element elementor-element-f534625 e-con-full e-flex e-con e-child\" data-id=\"f534625\" data-element_type=\"container\">\n\t\t\t\t<div class=\"elementor-element elementor-element-aa79788 elementor-widget elementor-widget-text-editor\" data-id=\"aa79788\" data-element_type=\"widget\" data-widget_type=\"text-editor.default\">\n\t\t\t\t<div class=\"elementor-widget-container\">\n\t\t\t\t\t\t\t<p><em>\u201cAhora estamos m\u00e1s tranquilas y confiando en que siempre tendremos comida en la casa. La gente se ha unido y a las mujeres nos valoran m\u00e1s, porque producimos alimentos y ayudamos con los gastos. De todo eso que cultivamos, nos comemos una parte y lo otro lo vendemos; a veces los cultivos se nos da\u00f1an, pero as\u00ed vamos aprendiendo\u201d<\/em>, Carmen, l\u00edder de huertas en Florida, madre de 3 hijos y su huerta produce ma\u00edz, fr\u00edjol, tomate, cebolla, hierbas arom\u00e1ticas y otras 20 variedades de alimentos agr\u00edcolas.<\/p>\t\t\t\t\t\t<\/div>\n\t\t\t\t<\/div>\n\t\t\t\t<\/div>\n\t\t<div class=\"elementor-element elementor-element-e638d57 e-con-full e-flex e-con e-child\" data-id=\"e638d57\" data-element_type=\"container\">\n\t\t\t\t<div class=\"elementor-element elementor-element-84f18da elementor-widget elementor-widget-image\" data-id=\"84f18da\" data-element_type=\"widget\" data-widget_type=\"image.default\">\n\t\t\t\t<div class=\"elementor-widget-container\">\n\t\t\t\t\t\t\t\t\t\t\t\t\t<img decoding=\"async\" width=\"687\" height=\"583\" src=\"https:\/\/fcgriopailacastilla.org\/site\/wp-content\/uploads\/2024\/09\/Mujer-huertas.png\" class=\"attachment-large size-large wp-image-2664\" alt=\"\" srcset=\"https:\/\/fcgriopailacastilla.org\/site\/wp-content\/uploads\/2024\/09\/Mujer-huertas.png 687w, https:\/\/fcgriopailacastilla.org\/site\/wp-content\/uploads\/2024\/09\/Mujer-huertas-300x255.png 300w\" sizes=\"(max-width: 687px) 100vw, 687px\" \/>\t\t\t\t\t\t\t\t\t\t\t\t\t<\/div>\n\t\t\t\t<\/div>\n\t\t\t\t<\/div>\n\t\t\t\t<\/div>\n\t\t<div class=\"elementor-element elementor-element-3d5ef78 e-con-full e-flex e-con e-parent\" data-id=\"3d5ef78\" data-element_type=\"container\">\n\t\t\t\t<div class=\"elementor-element elementor-element-71cbce1 elementor-widget elementor-widget-text-editor\" data-id=\"71cbce1\" data-element_type=\"widget\" data-widget_type=\"text-editor.default\">\n\t\t\t\t<div class=\"elementor-widget-container\">\n\t\t\t\t\t\t\t<p>La Fundaci\u00f3n despliega procesos de acompa\u00f1amiento t\u00e9cnico para la producci\u00f3n de alimentos, el intercambio de conocimientos culturales y ancestrales de la pr\u00e1ctica agr\u00edcola y el fortalecimiento de las relaciones sociales en el trabajo colectivo.<\/p><p>Se sustenta en los enfoques de agricultura familiar, comunitaria y campesina, de g\u00e9nero y diversidad y desarrollo de base; desde los cuales se despliegan acciones para empoderar a las mujeres en decisiones econ\u00f3micas y su aporte productivo directo sobre la producci\u00f3n de alimentos en los hogares y la comercializaci\u00f3n.<\/p>\t\t\t\t\t\t<\/div>\n\t\t\t\t<\/div>\n\t\t\t\t<\/div>\n\t\t<div class=\"elementor-element elementor-element-d5094a5 e-con-full e-flex e-con e-parent\" data-id=\"d5094a5\" data-element_type=\"container\">\n\t\t\t\t<div class=\"elementor-element elementor-element-26e10ad elementor-widget elementor-widget-heading\" data-id=\"26e10ad\" data-element_type=\"widget\" data-widget_type=\"heading.default\">\n\t\t\t\t<div class=\"elementor-widget-container\">\n\t\t\t<h2 class=\"elementor-heading-title elementor-size-default\">HISTORIAS QUE TRANSFORMAN<\/h2>\t\t<\/div>\n\t\t\t\t<\/div>\n\t\t\t\t<\/div>\n\t\t<div class=\"elementor-element elementor-element-1f1d4f4 e-con-full e-flex e-con e-parent\" data-id=\"1f1d4f4\" data-element_type=\"container\">\n\t\t<div class=\"elementor-element elementor-element-a68a173 e-con-full e-flex e-con e-child\" data-id=\"a68a173\" data-element_type=\"container\">\n\t\t\t\t<div class=\"elementor-element elementor-element-ea22198 elementor-widget elementor-widget-video\" data-id=\"ea22198\" data-element_type=\"widget\" data-settings=\"{&quot;youtube_url&quot;:&quot;https:\\\/\\\/youtu.be\\\/PhIok9c1GOM&quot;,&quot;video_type&quot;:&quot;youtube&quot;,&quot;controls&quot;:&quot;yes&quot;}\" data-widget_type=\"video.default\">\n\t\t\t\t<div class=\"elementor-widget-container\">\n\t\t\t\t\t<div class=\"elementor-wrapper elementor-open-inline\">\n\t\t\t<div class=\"elementor-video\"><\/div>\t\t<\/div>\n\t\t\t\t<\/div>\n\t\t\t\t<\/div>\n\t\t\t\t<\/div>\n\t\t<div class=\"elementor-element elementor-element-db150cc e-con-full e-flex e-con e-child\" data-id=\"db150cc\" data-element_type=\"container\">\n\t\t\t\t<div class=\"elementor-element elementor-element-6673b3f elementor-widget elementor-widget-video\" data-id=\"6673b3f\" data-element_type=\"widget\" data-settings=\"{&quot;youtube_url&quot;:&quot;https:\\\/\\\/youtu.be\\\/VuTB_pnYf-M&quot;,&quot;video_type&quot;:&quot;youtube&quot;,&quot;controls&quot;:&quot;yes&quot;}\" data-widget_type=\"video.default\">\n\t\t\t\t<div class=\"elementor-widget-container\">\n\t\t\t\t\t<div class=\"elementor-wrapper elementor-open-inline\">\n\t\t\t<div class=\"elementor-video\"><\/div>\t\t<\/div>\n\t\t\t\t<\/div>\n\t\t\t\t<\/div>\n\t\t\t\t<\/div>\n\t\t<div class=\"elementor-element elementor-element-607e823 e-con-full e-flex e-con e-child\" data-id=\"607e823\" data-element_type=\"container\">\n\t\t\t\t<div class=\"elementor-element elementor-element-82cb91c elementor-widget elementor-widget-video\" data-id=\"82cb91c\" data-element_type=\"widget\" data-settings=\"{&quot;youtube_url&quot;:&quot;https:\\\/\\\/youtu.be\\\/gc__ArYT-3E&quot;,&quot;video_type&quot;:&quot;youtube&quot;,&quot;controls&quot;:&quot;yes&quot;}\" data-widget_type=\"video.default\">\n\t\t\t\t<div class=\"elementor-widget-container\">\n\t\t\t\t\t<div class=\"elementor-wrapper elementor-open-inline\">\n\t\t\t<div class=\"elementor-video\"><\/div>\t\t<\/div>\n\t\t\t\t<\/div>\n\t\t\t\t<\/div>\n\t\t\t\t<\/div>\n\t\t\t\t<\/div>\n\t\t<div class=\"elementor-element elementor-element-fe6fc2f e-con-full e-flex e-con e-parent\" data-id=\"fe6fc2f\" data-element_type=\"container\">\n\t\t\t\t<div class=\"elementor-element elementor-element-5f66d22 elementor-widget elementor-widget-heading\" data-id=\"5f66d22\" data-element_type=\"widget\" data-widget_type=\"heading.default\">\n\t\t\t\t<div class=\"elementor-widget-container\">\n\t\t\t<h2 class=\"elementor-heading-title elementor-size-default\">Saberes que Alimentan<\/h2>\t\t<\/div>\n\t\t\t\t<\/div>\n\t\t\t\t<\/div>\n\t\t<div class=\"elementor-element elementor-element-92eb3ef e-con-full e-flex e-con e-parent\" data-id=\"92eb3ef\" data-element_type=\"container\">\n\t\t<div class=\"elementor-element elementor-element-00e512c e-con-full e-flex e-con e-child\" data-id=\"00e512c\" data-element_type=\"container\">\n\t\t\t\t<div class=\"elementor-element elementor-element-635b09d elementor-align-center elementor-widget elementor-widget-button\" data-id=\"635b09d\" data-element_type=\"widget\" data-widget_type=\"button.default\">\n\t\t\t\t<div class=\"elementor-widget-container\">\n\t\t\t\t\t<div class=\"elementor-button-wrapper\">\n\t\t\t<a class=\"elementor-button elementor-button-link elementor-size-sm\" href=\"https:\/\/fcgriopailacastilla.org\/site\/wp-content\/uploads\/2024\/09\/CARTILLA-SABERES-QUE-ALIMENTAN_c.pdf\" target=\"_blank\">\n\t\t\t\t\t\t<span class=\"elementor-button-content-wrapper\">\n\t\t\t\t\t\t\t\t\t<span class=\"elementor-button-text\">Cartilla<\/span>\n\t\t\t\t\t<\/span>\n\t\t\t\t\t<\/a>\n\t\t<\/div>\n\t\t\t\t<\/div>\n\t\t\t\t<\/div>\n\t\t\t\t<\/div>\n\t\t<div class=\"elementor-element elementor-element-3c3cef6 e-con-full e-flex e-con e-child\" data-id=\"3c3cef6\" data-element_type=\"container\">\n\t\t\t\t<div class=\"elementor-element elementor-element-cca58cc elementor-align-center elementor-widget elementor-widget-button\" data-id=\"cca58cc\" data-element_type=\"widget\" data-widget_type=\"button.default\">\n\t\t\t\t<div class=\"elementor-widget-container\">\n\t\t\t\t\t<div class=\"elementor-button-wrapper\">\n\t\t\t<a class=\"elementor-button elementor-button-link elementor-size-sm\" href=\"https:\/\/www.youtube.com\/playlist?list=PL7T6zvrdxKZgKFNgXJppAVHnlCbq1-5qZ\" target=\"_blank\">\n\t\t\t\t\t\t<span class=\"elementor-button-content-wrapper\">\n\t\t\t\t\t\t\t\t\t<span class=\"elementor-button-text\">Videos<\/span>\n\t\t\t\t\t<\/span>\n\t\t\t\t\t<\/a>\n\t\t<\/div>\n\t\t\t\t<\/div>\n\t\t\t\t<\/div>\n\t\t\t\t<\/div>\n\t\t<div class=\"elementor-element elementor-element-52cb603 e-con-full e-flex e-con e-child\" data-id=\"52cb603\" data-element_type=\"container\">\n\t\t\t\t<div class=\"elementor-element elementor-element-2a8e2aa elementor-align-center elementor-widget elementor-widget-button\" data-id=\"2a8e2aa\" data-element_type=\"widget\" data-widget_type=\"button.default\">\n\t\t\t\t<div class=\"elementor-widget-container\">\n\t\t\t\t\t<div class=\"elementor-button-wrapper\">\n\t\t\t<a class=\"elementor-button elementor-button-link elementor-size-sm\" href=\"https:\/\/www.facebook.com\/groups\/1473433013424192\" target=\"_blank\">\n\t\t\t\t\t\t<span class=\"elementor-button-content-wrapper\">\n\t\t\t\t\t\t<span class=\"elementor-button-icon\">\n\t\t\t\t<svg aria-hidden=\"true\" class=\"e-font-icon-svg e-fab-facebook\" viewBox=\"0 0 512 512\" xmlns=\"http:\/\/www.w3.org\/2000\/svg\"><path d=\"M504 256C504 119 393 8 256 8S8 119 8 256c0 123.78 90.69 226.38 209.25 245V327.69h-63V256h63v-54.64c0-62.15 37-96.48 93.67-96.48 27.14 0 55.52 4.84 55.52 4.84v61h-31.28c-30.8 0-40.41 19.12-40.41 38.73V256h68.78l-11 71.69h-57.78V501C413.31 482.38 504 379.78 504 256z\"><\/path><\/svg>\t\t\t<\/span>\n\t\t\t\t\t\t\t\t\t<span class=\"elementor-button-text\">Grupo de Facebook<\/span>\n\t\t\t\t\t<\/span>\n\t\t\t\t\t<\/a>\n\t\t<\/div>\n\t\t\t\t<\/div>\n\t\t\t\t<\/div>\n\t\t\t\t<\/div>\n\t\t\t\t<\/div>\n\t\t\t\t<\/div>\n\t\t","protected":false},"excerpt":{"rendered":"<p>M\u00e1s y mejores alimentos desde la agricultura familiar &#8211; huertas multiprop\u00f3sito Cadenas Agroalimentarias La pr\u00e1ctica se desarrolla en municipios con un alto nivel de ruralidad, participan organizaciones ind\u00edgenas, Consejos Comunitarios&hellip;<\/p>\n","protected":false},"author":1,"featured_media":0,"parent":0,"menu_order":0,"comment_status":"closed","ping_status":"closed","template":"elementor_header_footer","meta":{"footnotes":""},"class_list":["post-422","page","type-page","status-publish","hentry"],"_links":{"self":[{"href":"https:\/\/fcgriopailacastilla.org\/site\/wp-json\/wp\/v2\/pages\/422","targetHints":{"allow":["GET"]}}],"collection":[{"href":"https:\/\/fcgriopailacastilla.org\/site\/wp-json\/wp\/v2\/pages"}],"about":[{"href":"https:\/\/fcgriopailacastilla.org\/site\/wp-json\/wp\/v2\/types\/page"}],"author":[{"embeddable":true,"href":"https:\/\/fcgriopailacastilla.org\/site\/wp-json\/wp\/v2\/users\/1"}],"replies":[{"embeddable":true,"href":"https:\/\/fcgriopailacastilla.org\/site\/wp-json\/wp\/v2\/comments?post=422"}],"version-history":[{"count":53,"href":"https:\/\/fcgriopailacastilla.org\/site\/wp-json\/wp\/v2\/pages\/422\/revisions"}],"predecessor-version":[{"id":2926,"href":"https:\/\/fcgriopailacastilla.org\/site\/wp-json\/wp\/v2\/pages\/422\/revisions\/2926"}],"wp:attachment":[{"href":"https:\/\/fcgriopailacastilla.org\/site\/wp-json\/wp\/v2\/media?parent=422"}],"curies":[{"name":"wp","href":"https:\/\/api.w.org\/{rel}","templated":true}]}}