{"id":3215,"date":"2025-04-25T15:33:17","date_gmt":"2025-04-25T15:33:17","guid":{"rendered":"https:\/\/fcgriopailacastilla.org\/site\/?page_id=3215"},"modified":"2025-04-25T15:34:36","modified_gmt":"2025-04-25T15:34:36","slug":"efectividad-agilidad","status":"publish","type":"page","link":"https:\/\/fcgriopailacastilla.org\/site\/efectividad-agilidad\/","title":{"rendered":"Efectividad y Agilidad en la Gesti\u00f3n"},"content":{"rendered":"\t\t<div data-elementor-type=\"wp-page\" data-elementor-id=\"3215\" class=\"elementor elementor-3215\">\n\t\t\t\t<div class=\"elementor-element elementor-element-6b1e25b3 e-con-full e-flex e-con e-parent\" data-id=\"6b1e25b3\" data-element_type=\"container\" data-settings=\"{&quot;background_background&quot;:&quot;classic&quot;}\">\n\t\t\t\t<div class=\"elementor-element elementor-element-579d19d4 elementor-arrows-position-inside elementor-pagination-position-outside elementor-widget elementor-widget-image-carousel\" data-id=\"579d19d4\" data-element_type=\"widget\" data-settings=\"{&quot;slides_to_show&quot;:&quot;1&quot;,&quot;navigation&quot;:&quot;both&quot;,&quot;autoplay&quot;:&quot;yes&quot;,&quot;pause_on_hover&quot;:&quot;yes&quot;,&quot;pause_on_interaction&quot;:&quot;yes&quot;,&quot;autoplay_speed&quot;:5000,&quot;infinite&quot;:&quot;yes&quot;,&quot;effect&quot;:&quot;slide&quot;,&quot;speed&quot;:500}\" data-widget_type=\"image-carousel.default\">\n\t\t\t\t<div class=\"elementor-widget-container\">\n\t\t\t\t\t<div class=\"elementor-image-carousel-wrapper swiper\" dir=\"ltr\">\n\t\t\t<div class=\"elementor-image-carousel swiper-wrapper swiper-image-stretch\" aria-live=\"off\">\n\t\t\t\t\t\t\t\t<div class=\"swiper-slide\" role=\"group\" aria-roledescription=\"slide\" aria-label=\"1 de 1\"><figure class=\"swiper-slide-inner\"><img decoding=\"async\" class=\"swiper-slide-image\" src=\"https:\/\/fcgriopailacastilla.org\/site\/wp-content\/uploads\/2025\/04\/BANNER_EJES-ESTRATEGICOS-1.jpg\" alt=\"BANNER_EJES-ESTRATEGICOS-1\" \/><\/figure><\/div>\t\t\t<\/div>\n\t\t\t\t\t<\/div>\n\t\t\t\t<\/div>\n\t\t\t\t<\/div>\n\t\t\t\t<\/div>\n\t\t<div class=\"elementor-element elementor-element-66c0325e e-con-full e-flex e-con e-parent\" data-id=\"66c0325e\" data-element_type=\"container\">\n\t\t\t\t<div class=\"elementor-element elementor-element-5b5f1f0b elementor-widget elementor-widget-text-editor\" data-id=\"5b5f1f0b\" data-element_type=\"widget\" data-widget_type=\"text-editor.default\">\n\t\t\t\t<div class=\"elementor-widget-container\">\n\t\t\t\t\t\t\t<h5>Asegurando eficiencia para las transformaciones<\/h5>\t\t\t\t\t\t<\/div>\n\t\t\t\t<\/div>\n\t\t\t\t<div class=\"elementor-element elementor-element-76fb6615 elementor-widget elementor-widget-heading\" data-id=\"76fb6615\" data-element_type=\"widget\" data-widget_type=\"heading.default\">\n\t\t\t\t<div class=\"elementor-widget-container\">\n\t\t\t<h5 class=\"elementor-heading-title elementor-size-default\">Efectividad y Agilidad de la Gesti\u00f3n<\/h5>\t\t<\/div>\n\t\t\t\t<\/div>\n\t\t\t\t<\/div>\n\t\t<div class=\"elementor-element elementor-element-1963afcd e-con-full e-flex e-con e-parent\" data-id=\"1963afcd\" data-element_type=\"container\">\n\t\t\t\t<div class=\"elementor-element elementor-element-52bcfd48 elementor-widget elementor-widget-image\" data-id=\"52bcfd48\" data-element_type=\"widget\" data-widget_type=\"image.default\">\n\t\t\t\t<div class=\"elementor-widget-container\">\n\t\t\t\t\t\t\t\t\t\t\t\t\t<img fetchpriority=\"high\" decoding=\"async\" width=\"1024\" height=\"386\" src=\"https:\/\/fcgriopailacastilla.org\/site\/wp-content\/uploads\/2025\/04\/Efectividad-y-Agilidad-en-la-Getsion_Mesa-de-trabajo-1-copia-14-1024x386.png\" class=\"attachment-large size-large wp-image-3217\" alt=\"\" srcset=\"https:\/\/fcgriopailacastilla.org\/site\/wp-content\/uploads\/2025\/04\/Efectividad-y-Agilidad-en-la-Getsion_Mesa-de-trabajo-1-copia-14-1024x386.png 1024w, https:\/\/fcgriopailacastilla.org\/site\/wp-content\/uploads\/2025\/04\/Efectividad-y-Agilidad-en-la-Getsion_Mesa-de-trabajo-1-copia-14-300x113.png 300w, https:\/\/fcgriopailacastilla.org\/site\/wp-content\/uploads\/2025\/04\/Efectividad-y-Agilidad-en-la-Getsion_Mesa-de-trabajo-1-copia-14-768x289.png 768w, https:\/\/fcgriopailacastilla.org\/site\/wp-content\/uploads\/2025\/04\/Efectividad-y-Agilidad-en-la-Getsion_Mesa-de-trabajo-1-copia-14-1536x579.png 1536w, https:\/\/fcgriopailacastilla.org\/site\/wp-content\/uploads\/2025\/04\/Efectividad-y-Agilidad-en-la-Getsion_Mesa-de-trabajo-1-copia-14-2048x772.png 2048w\" sizes=\"(max-width: 1024px) 100vw, 1024px\" \/>\t\t\t\t\t\t\t\t\t\t\t\t\t<\/div>\n\t\t\t\t<\/div>\n\t\t\t\t<\/div>\n\t\t<div class=\"elementor-element elementor-element-6877dd19 e-flex e-con-boxed e-con e-parent\" data-id=\"6877dd19\" data-element_type=\"container\">\n\t\t\t\t\t<div class=\"e-con-inner\">\n\t\t<div class=\"elementor-element elementor-element-7173b26d e-con-full e-flex e-con e-child\" data-id=\"7173b26d\" data-element_type=\"container\">\n\t\t\t\t<div class=\"elementor-element elementor-element-1df05c2b elementor-widget elementor-widget-text-editor\" data-id=\"1df05c2b\" data-element_type=\"widget\" data-widget_type=\"text-editor.default\">\n\t\t\t\t<div class=\"elementor-widget-container\">\n\t\t\t\t\t\t\t<p>La entrega de valor del eje estrat\u00e9gico Efectividad y Agilidad en la Gesti\u00f3n es la eficiencia operativa como soporte a la generaci\u00f3n de valor social. Buscamos una operaci\u00f3n en equilibrio que se fundamenta en la integraci\u00f3n de los procesos de planeaci\u00f3n, seguimiento, evaluaci\u00f3n, gesti\u00f3n financiera y servicios administrativos, para garantizar que la estrategia organizacional se articule de manera efectiva con las metas establecidas y a su vez, con el presupuesto financiero.<\/p>\t\t\t\t\t\t<\/div>\n\t\t\t\t<\/div>\n\t\t\t\t<\/div>\n\t\t<div class=\"elementor-element elementor-element-4af34cc8 e-con-full e-flex e-con e-child\" data-id=\"4af34cc8\" data-element_type=\"container\">\n\t\t\t\t<div class=\"elementor-element elementor-element-643310f elementor-widget elementor-widget-text-editor\" data-id=\"643310f\" data-element_type=\"widget\" data-widget_type=\"text-editor.default\">\n\t\t\t\t<div class=\"elementor-widget-container\">\n\t\t\t\t\t\t\t<p>Esto implica, asegurar la estandarizaci\u00f3n de los procesos bajo par\u00e1metros de eficiencia y eficacia; gestionar los recursos t\u00e9cnicos, f\u00edsicos y tecnol\u00f3gicos necesarios para facilitar la operaci\u00f3n institucional, e implementar mecanismos de seguimiento y control que eval\u00faan el cumplimiento de los planes anuales y la normatividad.<\/p>\t\t\t\t\t\t<\/div>\n\t\t\t\t<\/div>\n\t\t\t\t<\/div>\n\t\t\t\t\t<\/div>\n\t\t\t\t<\/div>\n\t\t<div class=\"elementor-element elementor-element-d259b4c e-con-full e-flex e-con e-parent\" data-id=\"d259b4c\" data-element_type=\"container\">\n\t\t\t\t<div class=\"elementor-element elementor-element-2db4d740 elementor-widget elementor-widget-image\" data-id=\"2db4d740\" data-element_type=\"widget\" data-widget_type=\"image.default\">\n\t\t\t\t<div class=\"elementor-widget-container\">\n\t\t\t\t\t\t\t\t\t\t\t\t\t<img decoding=\"async\" width=\"1024\" height=\"565\" src=\"https:\/\/fcgriopailacastilla.org\/site\/wp-content\/uploads\/2025\/04\/Modelo-EAG-1024x565.png\" class=\"attachment-large size-large wp-image-3218\" alt=\"\" srcset=\"https:\/\/fcgriopailacastilla.org\/site\/wp-content\/uploads\/2025\/04\/Modelo-EAG-1024x565.png 1024w, https:\/\/fcgriopailacastilla.org\/site\/wp-content\/uploads\/2025\/04\/Modelo-EAG-300x166.png 300w, https:\/\/fcgriopailacastilla.org\/site\/wp-content\/uploads\/2025\/04\/Modelo-EAG-768x424.png 768w, https:\/\/fcgriopailacastilla.org\/site\/wp-content\/uploads\/2025\/04\/Modelo-EAG-1536x848.png 1536w, https:\/\/fcgriopailacastilla.org\/site\/wp-content\/uploads\/2025\/04\/Modelo-EAG-2048x1130.png 2048w\" sizes=\"(max-width: 1024px) 100vw, 1024px\" \/>\t\t\t\t\t\t\t\t\t\t\t\t\t<\/div>\n\t\t\t\t<\/div>\n\t\t\t\t<\/div>\n\t\t\t\t<\/div>\n\t\t","protected":false},"excerpt":{"rendered":"<p>Asegurando eficiencia para las transformaciones Efectividad y Agilidad de la Gesti\u00f3n La entrega de valor del eje estrat\u00e9gico Efectividad y Agilidad en la Gesti\u00f3n es la eficiencia operativa como soporte&hellip;<\/p>\n","protected":false},"author":1,"featured_media":0,"parent":0,"menu_order":0,"comment_status":"closed","ping_status":"closed","template":"elementor_header_footer","meta":{"footnotes":""},"class_list":["post-3215","page","type-page","status-publish","hentry"],"_links":{"self":[{"href":"https:\/\/fcgriopailacastilla.org\/site\/wp-json\/wp\/v2\/pages\/3215","targetHints":{"allow":["GET"]}}],"collection":[{"href":"https:\/\/fcgriopailacastilla.org\/site\/wp-json\/wp\/v2\/pages"}],"about":[{"href":"https:\/\/fcgriopailacastilla.org\/site\/wp-json\/wp\/v2\/types\/page"}],"author":[{"embeddable":true,"href":"https:\/\/fcgriopailacastilla.org\/site\/wp-json\/wp\/v2\/users\/1"}],"replies":[{"embeddable":true,"href":"https:\/\/fcgriopailacastilla.org\/site\/wp-json\/wp\/v2\/comments?post=3215"}],"version-history":[{"count":5,"href":"https:\/\/fcgriopailacastilla.org\/site\/wp-json\/wp\/v2\/pages\/3215\/revisions"}],"predecessor-version":[{"id":3222,"href":"https:\/\/fcgriopailacastilla.org\/site\/wp-json\/wp\/v2\/pages\/3215\/revisions\/3222"}],"wp:attachment":[{"href":"https:\/\/fcgriopailacastilla.org\/site\/wp-json\/wp\/v2\/media?parent=3215"}],"curies":[{"name":"wp","href":"https:\/\/api.w.org\/{rel}","templated":true}]}}