{"id":2391,"date":"2024-09-26T17:26:13","date_gmt":"2024-09-26T17:26:13","guid":{"rendered":"https:\/\/fcgriopailacastilla.org\/site\/?page_id=2391"},"modified":"2024-09-27T16:56:59","modified_gmt":"2024-09-27T16:56:59","slug":"escuela-de-liderazgo","status":"publish","type":"page","link":"https:\/\/fcgriopailacastilla.org\/site\/escuela-de-liderazgo\/","title":{"rendered":"Escuela de liderazgo"},"content":{"rendered":"\t\t<div data-elementor-type=\"wp-page\" data-elementor-id=\"2391\" class=\"elementor elementor-2391\">\n\t\t\t\t<div class=\"elementor-element elementor-element-58741f8 e-con-full e-flex e-con e-parent\" data-id=\"58741f8\" data-element_type=\"container\">\n\t\t\t\t<div class=\"elementor-element elementor-element-f63efdf elementor-arrows-position-inside elementor-pagination-position-outside elementor-widget elementor-widget-image-carousel\" data-id=\"f63efdf\" data-element_type=\"widget\" data-settings=\"{&quot;slides_to_show&quot;:&quot;1&quot;,&quot;navigation&quot;:&quot;both&quot;,&quot;autoplay&quot;:&quot;yes&quot;,&quot;pause_on_hover&quot;:&quot;yes&quot;,&quot;pause_on_interaction&quot;:&quot;yes&quot;,&quot;autoplay_speed&quot;:5000,&quot;infinite&quot;:&quot;yes&quot;,&quot;effect&quot;:&quot;slide&quot;,&quot;speed&quot;:500}\" data-widget_type=\"image-carousel.default\">\n\t\t\t\t<div class=\"elementor-widget-container\">\n\t\t\t\t\t<div class=\"elementor-image-carousel-wrapper swiper\" dir=\"ltr\">\n\t\t\t<div class=\"elementor-image-carousel swiper-wrapper swiper-image-stretch\" aria-live=\"off\">\n\t\t\t\t\t\t\t\t<div class=\"swiper-slide\" role=\"group\" aria-roledescription=\"slide\" aria-label=\"1 de 1\"><figure class=\"swiper-slide-inner\"><img decoding=\"async\" class=\"swiper-slide-image\" src=\"https:\/\/fcgriopailacastilla.org\/site\/wp-content\/uploads\/2024\/09\/BANNER-ESCUELA-DE-LIDERAZGO.jpg\" alt=\"BANNER - ESCUELA DE LIDERAZGO\" \/><\/figure><\/div>\t\t\t<\/div>\n\t\t\t\t\t<\/div>\n\t\t\t\t<\/div>\n\t\t\t\t<\/div>\n\t\t\t\t<\/div>\n\t\t<div class=\"elementor-element elementor-element-f0e9566 e-con-full e-flex e-con e-parent\" data-id=\"f0e9566\" data-element_type=\"container\">\n\t\t<div class=\"elementor-element elementor-element-0b99216 e-con-full e-flex e-con e-child\" data-id=\"0b99216\" data-element_type=\"container\">\n\t\t\t\t<div class=\"elementor-element elementor-element-04e75b1 elementor-widget elementor-widget-image\" data-id=\"04e75b1\" data-element_type=\"widget\" data-widget_type=\"image.default\">\n\t\t\t\t<div class=\"elementor-widget-container\">\n\t\t\t\t\t\t\t\t\t\t\t\t\t<img fetchpriority=\"high\" decoding=\"async\" width=\"722\" height=\"677\" src=\"https:\/\/fcgriopailacastilla.org\/site\/wp-content\/uploads\/2024\/09\/Escuela-de-liderazgo-2.png\" class=\"attachment-large size-large wp-image-2597\" alt=\"\" srcset=\"https:\/\/fcgriopailacastilla.org\/site\/wp-content\/uploads\/2024\/09\/Escuela-de-liderazgo-2.png 722w, https:\/\/fcgriopailacastilla.org\/site\/wp-content\/uploads\/2024\/09\/Escuela-de-liderazgo-2-300x281.png 300w\" sizes=\"(max-width: 722px) 100vw, 722px\" \/>\t\t\t\t\t\t\t\t\t\t\t\t\t<\/div>\n\t\t\t\t<\/div>\n\t\t\t\t<\/div>\n\t\t<div class=\"elementor-element elementor-element-a9bce8a e-con-full e-flex e-con e-child\" data-id=\"a9bce8a\" data-element_type=\"container\">\n\t\t\t\t<div class=\"elementor-element elementor-element-90ef91f elementor-widget elementor-widget-heading\" data-id=\"90ef91f\" data-element_type=\"widget\" data-widget_type=\"heading.default\">\n\t\t\t\t<div class=\"elementor-widget-container\">\n\t\t\t<h2 class=\"elementor-heading-title elementor-size-default\">J\u00f3venes resignificando y transformando territorios<\/h2>\t\t<\/div>\n\t\t\t\t<\/div>\n\t\t\t\t<\/div>\n\t\t\t\t<\/div>\n\t\t<div class=\"elementor-element elementor-element-76edec1 e-con-full e-flex e-con e-parent\" data-id=\"76edec1\" data-element_type=\"container\">\n\t\t\t\t<div class=\"elementor-element elementor-element-6617c39 elementor-widget elementor-widget-text-editor\" data-id=\"6617c39\" data-element_type=\"widget\" data-widget_type=\"text-editor.default\">\n\t\t\t\t<div class=\"elementor-widget-container\">\n\t\t\t\t\t\t\t<p>La Escuela de Liderazgo y las redes comunitarias promueven procesos de cambio y orientan el ejercicio de la ciudadan\u00eda, incentivando la participaci\u00f3n en las diferentes instancias y espacios de participaci\u00f3n establecidos en la ley como mecanismo para contribuir a fortalecer el tejido social de los territorios. Con este proceso se generan capacidades en m\u00e1s de 600 l\u00edderes del territorio para la concertaci\u00f3n, asociatividad, incidencia y gesti\u00f3n, movilizan a la ciudadan\u00eda y se fomenta la incidencia en procesos de participaci\u00f3n con la finalidad de ejercer un rol m\u00e1s activo en comunidad, valorar sus propias acciones y activar transformaciones para mejorar condiciones para el desarrollo<\/p>\t\t\t\t\t\t<\/div>\n\t\t\t\t<\/div>\n\t\t\t\t<\/div>\n\t\t<div class=\"elementor-element elementor-element-c37c0fa e-con-full e-flex e-con e-parent\" data-id=\"c37c0fa\" data-element_type=\"container\">\n\t\t<div class=\"elementor-element elementor-element-24bc31c e-con-full e-flex e-con e-child\" data-id=\"24bc31c\" data-element_type=\"container\">\n\t\t\t\t<div class=\"elementor-element elementor-element-5c83b68 elementor-widget elementor-widget-text-editor\" data-id=\"5c83b68\" data-element_type=\"widget\" data-widget_type=\"text-editor.default\">\n\t\t\t\t<div class=\"elementor-widget-container\">\n\t\t\t\t\t\t\t<p><em>\u201cSi creemos en nuestras capacidades y en nuestro potencial, y nos unimos con los talentos de otros, podemos lograr grandes cosas para nuestros municipios y as\u00ed alcanzar nuestros sue\u00f1os\u201d<\/em>, Sebasti\u00e1n, l\u00edder juvenil de Bugalagrande.<\/p>\t\t\t\t\t\t<\/div>\n\t\t\t\t<\/div>\n\t\t\t\t<\/div>\n\t\t<div class=\"elementor-element elementor-element-1c9bcff e-con-full e-flex e-con e-child\" data-id=\"1c9bcff\" data-element_type=\"container\">\n\t\t\t\t<div class=\"elementor-element elementor-element-54f82af elementor-widget elementor-widget-image\" data-id=\"54f82af\" data-element_type=\"widget\" data-widget_type=\"image.default\">\n\t\t\t\t<div class=\"elementor-widget-container\">\n\t\t\t\t\t\t\t\t\t\t\t\t\t<img decoding=\"async\" width=\"793\" height=\"806\" src=\"https:\/\/fcgriopailacastilla.org\/site\/wp-content\/uploads\/2024\/09\/Sebastian.png\" class=\"attachment-large size-large wp-image-2696\" alt=\"\" srcset=\"https:\/\/fcgriopailacastilla.org\/site\/wp-content\/uploads\/2024\/09\/Sebastian.png 793w, https:\/\/fcgriopailacastilla.org\/site\/wp-content\/uploads\/2024\/09\/Sebastian-295x300.png 295w, https:\/\/fcgriopailacastilla.org\/site\/wp-content\/uploads\/2024\/09\/Sebastian-768x781.png 768w\" sizes=\"(max-width: 793px) 100vw, 793px\" \/>\t\t\t\t\t\t\t\t\t\t\t\t\t<\/div>\n\t\t\t\t<\/div>\n\t\t\t\t<\/div>\n\t\t\t\t<\/div>\n\t\t<div class=\"elementor-element elementor-element-166f885 e-con-full e-flex e-con e-parent\" data-id=\"166f885\" data-element_type=\"container\">\n\t\t\t\t<div class=\"elementor-element elementor-element-caccf10 elementor-widget elementor-widget-text-editor\" data-id=\"caccf10\" data-element_type=\"widget\" data-widget_type=\"text-editor.default\">\n\t\t\t\t<div class=\"elementor-widget-container\">\n\t\t\t\t\t\t\tLa Escuela surge de un proceso de cocreaci\u00f3n con los j\u00f3venes en el segundo semestre del 2022; considera procesos te\u00f3rico-pr\u00e1cticos que facilitan la construcci\u00f3n de soluciones desde las din\u00e1micas locales, desarrolla capacidades para impulsar iniciativas comunitarias y los motiva a unirse en procesos de participaci\u00f3n para una construcci\u00f3n social e incidencia en la gesti\u00f3n p\u00fablica.\t\t\t\t\t\t<\/div>\n\t\t\t\t<\/div>\n\t\t\t\t<\/div>\n\t\t<div class=\"elementor-element elementor-element-5865221 e-con-full e-flex e-con e-parent\" data-id=\"5865221\" data-element_type=\"container\">\n\t\t\t\t<div class=\"elementor-element elementor-element-b7a29cc elementor-widget elementor-widget-text-editor\" data-id=\"b7a29cc\" data-element_type=\"widget\" data-widget_type=\"text-editor.default\">\n\t\t\t\t<div class=\"elementor-widget-container\">\n\t\t\t\t\t\t\tEs un espacio abierto al aprendizaje, la transferencia de conocimientos, experiencias y expectativas que busca el reconocimiento y la comprensi\u00f3n de las miradas, los intereses y contribuciones desde la diversidad de los actores territoriales.\t\t\t\t\t\t<\/div>\n\t\t\t\t<\/div>\n\t\t\t\t<\/div>\n\t\t<div class=\"elementor-element elementor-element-586b564 e-con-full e-flex e-con e-parent\" data-id=\"586b564\" data-element_type=\"container\">\n\t\t\t\t<div class=\"elementor-element elementor-element-5435b2e elementor-widget elementor-widget-text-editor\" data-id=\"5435b2e\" data-element_type=\"widget\" data-widget_type=\"text-editor.default\">\n\t\t\t\t<div class=\"elementor-widget-container\">\n\t\t\t\t\t\t\t<p>Su visi\u00f3n integral, permite la promoci\u00f3n de escenarios de relacionamiento subregional, en el entendido que existen asuntos p\u00fablicos que requieren procesos de participaci\u00f3n, concertaci\u00f3n e incidencia mucho m\u00e1s amplios. Estos encuentros entre territorios facilitan a los j\u00f3venes la ampliaci\u00f3n de su visi\u00f3n hacia el impacto que la participaci\u00f3n responsable puede ejercer, conocen e intercambian experiencias, establecen nuevas relaciones y afianzan su compromiso con las comunidades.<\/p>\t\t\t\t\t\t<\/div>\n\t\t\t\t<\/div>\n\t\t\t\t<\/div>\n\t\t<div class=\"elementor-element elementor-element-47645d7 e-con-full e-flex e-con e-parent\" data-id=\"47645d7\" data-element_type=\"container\">\n\t\t\t\t<div class=\"elementor-element elementor-element-34843e2 elementor-widget elementor-widget-video\" data-id=\"34843e2\" data-element_type=\"widget\" data-settings=\"{&quot;video_type&quot;:&quot;hosted&quot;,&quot;autoplay&quot;:&quot;yes&quot;,&quot;loop&quot;:&quot;yes&quot;}\" data-widget_type=\"video.default\">\n\t\t\t\t<div class=\"elementor-widget-container\">\n\t\t\t\t\t<div class=\"e-hosted-video elementor-wrapper elementor-open-inline\">\n\t\t\t\t\t<video class=\"elementor-video\" src=\"https:\/\/fcgriopailacastilla.org\/site\/wp-content\/uploads\/2024\/09\/bannerescuelamp4.mp4\" autoplay=\"\" loop=\"\" controlsList=\"nodownload\"><\/video>\n\t\t\t\t<\/div>\n\t\t\t\t<\/div>\n\t\t\t\t<\/div>\n\t\t\t\t<\/div>\n\t\t<div class=\"elementor-element elementor-element-9e5e7ca e-con-full e-flex e-con e-parent\" data-id=\"9e5e7ca\" data-element_type=\"container\">\n\t\t<div class=\"elementor-element elementor-element-be9a85c e-con-full e-flex e-con e-child\" data-id=\"be9a85c\" data-element_type=\"container\">\n\t\t\t\t<div class=\"elementor-element elementor-element-627c2b9 elementor-widget elementor-widget-image\" data-id=\"627c2b9\" data-element_type=\"widget\" data-widget_type=\"image.default\">\n\t\t\t\t<div class=\"elementor-widget-container\">\n\t\t\t\t\t\t\t\t\t\t\t\t\t<img decoding=\"async\" width=\"713\" height=\"741\" src=\"https:\/\/fcgriopailacastilla.org\/site\/wp-content\/uploads\/2024\/09\/Irania.png\" class=\"attachment-large size-large wp-image-2668\" alt=\"\" srcset=\"https:\/\/fcgriopailacastilla.org\/site\/wp-content\/uploads\/2024\/09\/Irania.png 713w, https:\/\/fcgriopailacastilla.org\/site\/wp-content\/uploads\/2024\/09\/Irania-289x300.png 289w\" sizes=\"(max-width: 713px) 100vw, 713px\" \/>\t\t\t\t\t\t\t\t\t\t\t\t\t<\/div>\n\t\t\t\t<\/div>\n\t\t\t\t<\/div>\n\t\t<div class=\"elementor-element elementor-element-8ffbbf5 e-con-full e-flex e-con e-child\" data-id=\"8ffbbf5\" data-element_type=\"container\">\n\t\t\t\t<div class=\"elementor-element elementor-element-8e676b4 elementor-widget elementor-widget-text-editor\" data-id=\"8e676b4\" data-element_type=\"widget\" data-widget_type=\"text-editor.default\">\n\t\t\t\t<div class=\"elementor-widget-container\">\n\t\t\t\t\t\t\t<p><em>\u201cLos j\u00f3venes hemos implementado procesos de cambio a nuestra manera, nos juntamos con otros, hacemos actividades en la comunidad y otras cosas; eso nos ha ayudado para que ahora nos den importancia social y pol\u00edtica, ya nos tienen en cuenta y nos ganamos importantes respaldos y protagonismo en los Consejos de Juventudes, plataformas y en nuestros barrios y comunas\u201d<\/em>, afirma Irania, l\u00edder juvenil.<\/p>\t\t\t\t\t\t<\/div>\n\t\t\t\t<\/div>\n\t\t\t\t<\/div>\n\t\t\t\t<\/div>\n\t\t<div class=\"elementor-element elementor-element-9122e72 e-con-full e-flex e-con e-parent\" data-id=\"9122e72\" data-element_type=\"container\">\n\t\t\t\t<div class=\"elementor-element elementor-element-71bb412 elementor-widget elementor-widget-heading\" data-id=\"71bb412\" data-element_type=\"widget\" data-widget_type=\"heading.default\">\n\t\t\t\t<div class=\"elementor-widget-container\">\n\t\t\t<h2 class=\"elementor-heading-title elementor-size-default\">HISTORIAS QUE TRANSFORMAN<\/h2>\t\t<\/div>\n\t\t\t\t<\/div>\n\t\t\t\t<\/div>\n\t\t<div class=\"elementor-element elementor-element-f837fcb e-flex e-con-boxed e-con e-parent\" data-id=\"f837fcb\" data-element_type=\"container\">\n\t\t\t\t\t<div class=\"e-con-inner\">\n\t\t<div class=\"elementor-element elementor-element-6171f85 e-con-full e-flex e-con e-child\" data-id=\"6171f85\" data-element_type=\"container\">\n\t\t\t\t<div class=\"elementor-element elementor-element-afa3df0 elementor-widget elementor-widget-video\" data-id=\"afa3df0\" data-element_type=\"widget\" data-settings=\"{&quot;youtube_url&quot;:&quot;https:\\\/\\\/youtu.be\\\/s5wPTYDqRSY&quot;,&quot;video_type&quot;:&quot;youtube&quot;,&quot;controls&quot;:&quot;yes&quot;}\" data-widget_type=\"video.default\">\n\t\t\t\t<div class=\"elementor-widget-container\">\n\t\t\t\t\t<div class=\"elementor-wrapper elementor-open-inline\">\n\t\t\t<div class=\"elementor-video\"><\/div>\t\t<\/div>\n\t\t\t\t<\/div>\n\t\t\t\t<\/div>\n\t\t\t\t<\/div>\n\t\t<div class=\"elementor-element elementor-element-3ef04d4 e-con-full e-flex e-con e-child\" data-id=\"3ef04d4\" data-element_type=\"container\">\n\t\t\t\t<div class=\"elementor-element elementor-element-6dbb627 elementor-widget elementor-widget-video\" data-id=\"6dbb627\" data-element_type=\"widget\" data-settings=\"{&quot;youtube_url&quot;:&quot;https:\\\/\\\/youtu.be\\\/xULev_J_K2I&quot;,&quot;video_type&quot;:&quot;youtube&quot;,&quot;controls&quot;:&quot;yes&quot;}\" data-widget_type=\"video.default\">\n\t\t\t\t<div class=\"elementor-widget-container\">\n\t\t\t\t\t<div class=\"elementor-wrapper elementor-open-inline\">\n\t\t\t<div class=\"elementor-video\"><\/div>\t\t<\/div>\n\t\t\t\t<\/div>\n\t\t\t\t<\/div>\n\t\t\t\t<\/div>\n\t\t<div class=\"elementor-element elementor-element-52b84c1 e-con-full e-flex e-con e-child\" data-id=\"52b84c1\" data-element_type=\"container\">\n\t\t\t\t<div class=\"elementor-element elementor-element-d998033 elementor-widget elementor-widget-video\" data-id=\"d998033\" data-element_type=\"widget\" data-settings=\"{&quot;youtube_url&quot;:&quot;https:\\\/\\\/youtu.be\\\/rBJAEnGr054&quot;,&quot;video_type&quot;:&quot;youtube&quot;,&quot;controls&quot;:&quot;yes&quot;}\" data-widget_type=\"video.default\">\n\t\t\t\t<div class=\"elementor-widget-container\">\n\t\t\t\t\t<div class=\"elementor-wrapper elementor-open-inline\">\n\t\t\t<div class=\"elementor-video\"><\/div>\t\t<\/div>\n\t\t\t\t<\/div>\n\t\t\t\t<\/div>\n\t\t\t\t<\/div>\n\t\t\t\t\t<\/div>\n\t\t\t\t<\/div>\n\t\t<div class=\"elementor-element elementor-element-b55c767 e-con-full e-flex e-con e-parent\" data-id=\"b55c767\" data-element_type=\"container\">\n\t\t\t\t<div class=\"elementor-element elementor-element-4a7f3e6 elementor-widget elementor-widget-heading\" data-id=\"4a7f3e6\" data-element_type=\"widget\" data-widget_type=\"heading.default\">\n\t\t\t\t<div class=\"elementor-widget-container\">\n\t\t\t<h2 class=\"elementor-heading-title elementor-size-default\">Red de Empresarios<\/h2>\t\t<\/div>\n\t\t\t\t<\/div>\n\t\t\t\t<\/div>\n\t\t<div class=\"elementor-element elementor-element-5a3f56e e-flex e-con-boxed e-con e-parent\" data-id=\"5a3f56e\" data-element_type=\"container\">\n\t\t\t\t\t<div class=\"e-con-inner\">\n\t\t<div class=\"elementor-element elementor-element-deefdd8 e-con-full e-flex e-con e-child\" data-id=\"deefdd8\" data-element_type=\"container\">\n\t\t\t\t<div class=\"elementor-element elementor-element-07c319b elementor-align-center elementor-widget elementor-widget-button\" data-id=\"07c319b\" data-element_type=\"widget\" data-widget_type=\"button.default\">\n\t\t\t\t<div class=\"elementor-widget-container\">\n\t\t\t\t\t<div class=\"elementor-button-wrapper\">\n\t\t\t<a class=\"elementor-button elementor-button-link elementor-size-sm\" href=\"https:\/\/www.youtube.com\/playlist?list=PL7T6zvrdxKZgfjtAcYeOI628RWzkD_Txe\" target=\"_blank\">\n\t\t\t\t\t\t<span class=\"elementor-button-content-wrapper\">\n\t\t\t\t\t\t\t\t\t<span class=\"elementor-button-text\">Videos<\/span>\n\t\t\t\t\t<\/span>\n\t\t\t\t\t<\/a>\n\t\t<\/div>\n\t\t\t\t<\/div>\n\t\t\t\t<\/div>\n\t\t\t\t<\/div>\n\t\t<div class=\"elementor-element elementor-element-5bdcbfb e-con-full e-flex e-con e-child\" data-id=\"5bdcbfb\" data-element_type=\"container\">\n\t\t\t\t<div class=\"elementor-element elementor-element-38dc952 elementor-widget elementor-widget-heading\" data-id=\"38dc952\" data-element_type=\"widget\" data-widget_type=\"heading.default\">\n\t\t\t\t<div class=\"elementor-widget-container\">\n\t\t\t<h5 class=\"elementor-heading-title elementor-size-default\">Grupos de Facebook<\/h5>\t\t<\/div>\n\t\t\t\t<\/div>\n\t\t\t\t<div class=\"elementor-element elementor-element-3261248 elementor-widget elementor-widget-text-editor\" data-id=\"3261248\" data-element_type=\"widget\" data-widget_type=\"text-editor.default\">\n\t\t\t\t<div class=\"elementor-widget-container\">\n\t\t\t\t\t\t\t<p>La Paila: <a href=\"https:\/\/www.facebook.com\/groups\/857951882716153\" target=\"_blank\" rel=\"noopener\"><img loading=\"lazy\" decoding=\"async\" class=\"alignnone size-full wp-image-2579\" src=\"https:\/\/fcgriopailacastilla.org\/site\/wp-content\/uploads\/2024\/09\/icono-facebook.png\" alt=\"\" width=\"32\" height=\"32\" \/><\/a><br \/>Zarzal: <a href=\"https:\/\/www.facebook.com\/groups\/1690669781418018\" target=\"_blank\" rel=\"noopener\"><img loading=\"lazy\" decoding=\"async\" class=\"alignnone size-full wp-image-2579\" src=\"https:\/\/fcgriopailacastilla.org\/site\/wp-content\/uploads\/2024\/09\/icono-facebook.png\" alt=\"\" width=\"32\" height=\"32\" \/><\/a><br \/>Bugalagrande: <a href=\"https:\/\/www.facebook.com\/groups\/277738721679468\" target=\"_blank\" rel=\"noopener\"><img loading=\"lazy\" decoding=\"async\" class=\"alignnone size-full wp-image-2579\" src=\"https:\/\/fcgriopailacastilla.org\/site\/wp-content\/uploads\/2024\/09\/icono-facebook.png\" alt=\"\" width=\"32\" height=\"32\" \/><\/a><br \/><br \/><\/p>\t\t\t\t\t\t<\/div>\n\t\t\t\t<\/div>\n\t\t\t\t<\/div>\n\t\t<div class=\"elementor-element elementor-element-2cb41f5 e-con-full e-flex e-con e-child\" data-id=\"2cb41f5\" data-element_type=\"container\">\n\t\t\t\t<div class=\"elementor-element elementor-element-d6162b5 elementor-widget elementor-widget-heading\" data-id=\"d6162b5\" data-element_type=\"widget\" data-widget_type=\"heading.default\">\n\t\t\t\t<div class=\"elementor-widget-container\">\n\t\t\t<h5 class=\"elementor-heading-title elementor-size-default\">Cont\u00e1ctanos para unirte<\/h5>\t\t<\/div>\n\t\t\t\t<\/div>\n\t\t\t\t<div class=\"elementor-element elementor-element-e20a116 elementor-widget elementor-widget-text-editor\" data-id=\"e20a116\" data-element_type=\"widget\" data-widget_type=\"text-editor.default\">\n\t\t\t\t<div class=\"elementor-widget-container\">\n\t\t\t\t\t\t\t<p><strong>Escr\u00edbenos a WhatsApp:<\/strong><br \/>Sur del Valle y Norte del Cauca:<br \/><a href=\"https:\/\/web.whatsapp.com\/send?phone=3209503892&amp;text=%C2%A1Hola!%20Estoy%20interesado\" target=\"_blank\" rel=\"noopener\"><img loading=\"lazy\" decoding=\"async\" class=\"alignnone size-full wp-image-2593\" src=\"https:\/\/fcgriopailacastilla.org\/site\/wp-content\/uploads\/2024\/09\/icono-whatsapp.png\" alt=\"\" width=\"32\" height=\"32\" \/><\/a>+57 320 9503892<\/p>\t\t\t\t\t\t<\/div>\n\t\t\t\t<\/div>\n\t\t\t\t<div class=\"elementor-element elementor-element-67a45f2 elementor-widget elementor-widget-text-editor\" data-id=\"67a45f2\" data-element_type=\"widget\" data-widget_type=\"text-editor.default\">\n\t\t\t\t<div class=\"elementor-widget-container\">\n\t\t\t\t\t\t\t<p>Norte del Valle:\u00a0 <br \/><a href=\"https:\/\/web.whatsapp.com\/send?phone=3108277206&amp;text=%C2%A1Hola!%20Estoy%20interesado\" target=\"_blank\" rel=\"noopener\"><img loading=\"lazy\" decoding=\"async\" class=\"alignnone size-full wp-image-2593\" src=\"https:\/\/fcgriopailacastilla.org\/site\/wp-content\/uploads\/2024\/09\/icono-whatsapp.png\" alt=\"\" width=\"32\" height=\"32\" \/><\/a> +57 310 8277206<\/p>\t\t\t\t\t\t<\/div>\n\t\t\t\t<\/div>\n\t\t\t\t<\/div>\n\t\t\t\t\t<\/div>\n\t\t\t\t<\/div>\n\t\t\t\t<\/div>\n\t\t","protected":false},"excerpt":{"rendered":"<p>J\u00f3venes resignificando y transformando territorios La Escuela de Liderazgo y las redes comunitarias promueven procesos de cambio y orientan el ejercicio de la ciudadan\u00eda, incentivando la participaci\u00f3n en las diferentes&hellip;<\/p>\n","protected":false},"author":1,"featured_media":0,"parent":0,"menu_order":0,"comment_status":"closed","ping_status":"closed","template":"elementor_header_footer","meta":{"footnotes":""},"class_list":["post-2391","page","type-page","status-publish","hentry"],"_links":{"self":[{"href":"https:\/\/fcgriopailacastilla.org\/site\/wp-json\/wp\/v2\/pages\/2391","targetHints":{"allow":["GET"]}}],"collection":[{"href":"https:\/\/fcgriopailacastilla.org\/site\/wp-json\/wp\/v2\/pages"}],"about":[{"href":"https:\/\/fcgriopailacastilla.org\/site\/wp-json\/wp\/v2\/types\/page"}],"author":[{"embeddable":true,"href":"https:\/\/fcgriopailacastilla.org\/site\/wp-json\/wp\/v2\/users\/1"}],"replies":[{"embeddable":true,"href":"https:\/\/fcgriopailacastilla.org\/site\/wp-json\/wp\/v2\/comments?post=2391"}],"version-history":[{"count":70,"href":"https:\/\/fcgriopailacastilla.org\/site\/wp-json\/wp\/v2\/pages\/2391\/revisions"}],"predecessor-version":[{"id":2699,"href":"https:\/\/fcgriopailacastilla.org\/site\/wp-json\/wp\/v2\/pages\/2391\/revisions\/2699"}],"wp:attachment":[{"href":"https:\/\/fcgriopailacastilla.org\/site\/wp-json\/wp\/v2\/media?parent=2391"}],"curies":[{"name":"wp","href":"https:\/\/api.w.org\/{rel}","templated":true}]}}