{"id":1683,"date":"2024-09-20T14:01:13","date_gmt":"2024-09-20T14:01:13","guid":{"rendered":"https:\/\/fcgriopailacastilla.org\/site\/?page_id=1683"},"modified":"2024-09-26T13:41:00","modified_gmt":"2024-09-26T13:41:00","slug":"contactenos","status":"publish","type":"page","link":"https:\/\/fcgriopailacastilla.org\/site\/contactenos\/","title":{"rendered":"Cont\u00e1ctenos"},"content":{"rendered":"\t\t<div data-elementor-type=\"wp-page\" data-elementor-id=\"1683\" class=\"elementor elementor-1683\">\n\t\t\t\t<div class=\"elementor-element elementor-element-dd5ceec e-con-full e-flex e-con e-parent\" data-id=\"dd5ceec\" data-element_type=\"container\" data-settings=\"{&quot;background_background&quot;:&quot;classic&quot;}\">\n\t\t\t\t<div class=\"elementor-element elementor-element-d47e864 elementor-arrows-position-inside elementor-pagination-position-outside elementor-widget elementor-widget-image-carousel\" data-id=\"d47e864\" data-element_type=\"widget\" data-settings=\"{&quot;slides_to_show&quot;:&quot;1&quot;,&quot;navigation&quot;:&quot;both&quot;,&quot;autoplay&quot;:&quot;yes&quot;,&quot;pause_on_hover&quot;:&quot;yes&quot;,&quot;pause_on_interaction&quot;:&quot;yes&quot;,&quot;autoplay_speed&quot;:5000,&quot;infinite&quot;:&quot;yes&quot;,&quot;effect&quot;:&quot;slide&quot;,&quot;speed&quot;:500}\" data-widget_type=\"image-carousel.default\">\n\t\t\t\t<div class=\"elementor-widget-container\">\n\t\t\t\t\t<div class=\"elementor-image-carousel-wrapper swiper\" dir=\"ltr\">\n\t\t\t<div class=\"elementor-image-carousel swiper-wrapper swiper-image-stretch\" aria-live=\"off\">\n\t\t\t\t\t\t\t\t<div class=\"swiper-slide\" role=\"group\" aria-roledescription=\"slide\" aria-label=\"1 de 1\"><figure class=\"swiper-slide-inner\"><img decoding=\"async\" class=\"swiper-slide-image\" src=\"https:\/\/fcgriopailacastilla.org\/site\/wp-content\/uploads\/2024\/09\/BANNER-CONTACTENOS_Mesa-de-trabajo-1-copia-8.jpg\" alt=\"BANNER CONT\u00c1CTENOS_Mesa de trabajo 1 copia 8\" \/><\/figure><\/div>\t\t\t<\/div>\n\t\t\t\t\t<\/div>\n\t\t\t\t<\/div>\n\t\t\t\t<\/div>\n\t\t\t\t<\/div>\n\t\t<div class=\"elementor-element elementor-element-7ce2012 e-con-full e-flex e-con e-parent\" data-id=\"7ce2012\" data-element_type=\"container\">\n\t\t\t\t<div class=\"elementor-element elementor-element-9c28456 elementor-widget elementor-widget-heading\" data-id=\"9c28456\" data-element_type=\"widget\" data-widget_type=\"heading.default\">\n\t\t\t\t<div class=\"elementor-widget-container\">\n\t\t\t<h2 class=\"elementor-heading-title elementor-size-default\">PQRSF<\/h2>\t\t<\/div>\n\t\t\t\t<\/div>\n\t\t\t\t<\/div>\n\t\t<div class=\"elementor-element elementor-element-8ac8725 e-con-full e-flex e-con e-parent\" data-id=\"8ac8725\" data-element_type=\"container\">\n\t\t<div class=\"elementor-element elementor-element-34ab634 e-con-full e-flex e-con e-child\" data-id=\"34ab634\" data-element_type=\"container\">\n\t\t\t\t<div class=\"elementor-element elementor-element-1a8fc0d elementor-widget elementor-widget-wpforms\" data-id=\"1a8fc0d\" data-element_type=\"widget\" data-widget_type=\"wpforms.default\">\n\t\t\t\t<div class=\"elementor-widget-container\">\n\t\t\t<style id=\"wpforms-css-vars-root\">\n\t\t\t\t:root {\n\t\t\t\t\t--wpforms-field-border-radius: 3px;\n--wpforms-field-border-style: solid;\n--wpforms-field-border-size: 1px;\n--wpforms-field-background-color: #ffffff;\n--wpforms-field-border-color: rgba( 0, 0, 0, 0.25 );\n--wpforms-field-border-color-spare: rgba( 0, 0, 0, 0.25 );\n--wpforms-field-text-color: rgba( 0, 0, 0, 0.7 );\n--wpforms-field-menu-color: #ffffff;\n--wpforms-label-color: rgba( 0, 0, 0, 0.85 );\n--wpforms-label-sublabel-color: rgba( 0, 0, 0, 0.55 );\n--wpforms-label-error-color: #d63637;\n--wpforms-button-border-radius: 3px;\n--wpforms-button-border-style: none;\n--wpforms-button-border-size: 1px;\n--wpforms-button-background-color: #066aab;\n--wpforms-button-border-color: #066aab;\n--wpforms-button-text-color: #ffffff;\n--wpforms-page-break-color: #066aab;\n--wpforms-background-image: none;\n--wpforms-background-position: center center;\n--wpforms-background-repeat: no-repeat;\n--wpforms-background-size: cover;\n--wpforms-background-width: 100px;\n--wpforms-background-height: 100px;\n--wpforms-background-color: rgba( 0, 0, 0, 0 );\n--wpforms-background-url: none;\n--wpforms-container-padding: 0px;\n--wpforms-container-border-style: none;\n--wpforms-container-border-width: 1px;\n--wpforms-container-border-color: #000000;\n--wpforms-container-border-radius: 3px;\n--wpforms-field-size-input-height: 43px;\n--wpforms-field-size-input-spacing: 15px;\n--wpforms-field-size-font-size: 16px;\n--wpforms-field-size-line-height: 19px;\n--wpforms-field-size-padding-h: 14px;\n--wpforms-field-size-checkbox-size: 16px;\n--wpforms-field-size-sublabel-spacing: 5px;\n--wpforms-field-size-icon-size: 1;\n--wpforms-label-size-font-size: 16px;\n--wpforms-label-size-line-height: 19px;\n--wpforms-label-size-sublabel-font-size: 14px;\n--wpforms-label-size-sublabel-line-height: 17px;\n--wpforms-button-size-font-size: 17px;\n--wpforms-button-size-height: 41px;\n--wpforms-button-size-padding-h: 15px;\n--wpforms-button-size-margin-top: 10px;\n--wpforms-container-shadow-size-box-shadow: none;\n\n\t\t\t\t}\n\t\t\t<\/style><style id=\"wpforms-css-vars-elementor-widget-1a8fc0d\">\n\t\t\t\t.elementor-widget-wpforms.elementor-element-1a8fc0d {\n\t\t\t\t\t--wpforms-field-size-input-height: 43px;\n--wpforms-field-size-input-spacing: 15px;\n--wpforms-field-size-font-size: 16px;\n--wpforms-field-size-line-height: 19px;\n--wpforms-field-size-padding-h: 14px;\n--wpforms-field-size-checkbox-size: 16px;\n--wpforms-field-size-sublabel-spacing: 5px;\n--wpforms-field-size-icon-size: 1;\n--wpforms-label-size-font-size: 16px;\n--wpforms-label-size-line-height: 19px;\n--wpforms-label-size-sublabel-font-size: 14px;\n--wpforms-label-size-sublabel-line-height: 17px;\n--wpforms-button-size-font-size: 17px;\n--wpforms-button-size-height: 41px;\n--wpforms-button-size-padding-h: 15px;\n--wpforms-button-size-margin-top: 10px;\n\n\t\t\t\t}\n\t\t\t<\/style><div class=\"wpforms-container wpforms-container-full wpforms-render-modern\" id=\"wpforms-1679\"><form id=\"wpforms-form-1679\" class=\"wpforms-validate wpforms-form wpforms-ajax-form\" data-formid=\"1679\" method=\"post\" enctype=\"multipart\/form-data\" action=\"\/site\/wp-json\/wp\/v2\/pages\/1683\" data-token=\"0004a27e760dc4597742221376997116\" data-token-time=\"1777381597\"><noscript class=\"wpforms-error-noscript\">Por favor, activa JavaScript en tu navegador para completar este formulario.<\/noscript><div class=\"wpforms-hidden\" id=\"wpforms-error-noscript\">Por favor, activa JavaScript en tu navegador para completar este formulario.<\/div><div class=\"wpforms-field-container\"><div id=\"wpforms-1679-field_1-container\" class=\"wpforms-field wpforms-field-name\" data-field-id=\"1\"><fieldset><legend class=\"wpforms-field-label\">Nombre y apellido <span class=\"wpforms-required-label\" aria-hidden=\"true\">*<\/span><\/legend><div class=\"wpforms-field-row wpforms-field-large\"><div class=\"wpforms-field-row-block wpforms-first wpforms-one-half\"><input type=\"text\" id=\"wpforms-1679-field_1\" class=\"wpforms-field-name-first wpforms-field-required\" name=\"wpforms[fields][1][first]\" aria-errormessage=\"wpforms-1679-field_1-error\" required><label for=\"wpforms-1679-field_1\" class=\"wpforms-field-sublabel after\">Nombre<\/label><\/div><div class=\"wpforms-field-row-block wpforms-one-half\"><input type=\"text\" id=\"wpforms-1679-field_1-last\" class=\"wpforms-field-name-last wpforms-field-required\" name=\"wpforms[fields][1][last]\" aria-errormessage=\"wpforms-1679-field_1-last-error\" required><label for=\"wpforms-1679-field_1-last\" class=\"wpforms-field-sublabel after\">Apellidos<\/label><\/div><\/div><\/fieldset><\/div><div id=\"wpforms-1679-field_2-container\" class=\"wpforms-field wpforms-field-email\" data-field-id=\"2\"><label class=\"wpforms-field-label\" for=\"wpforms-1679-field_2\">Email <span class=\"wpforms-required-label\" aria-hidden=\"true\">*<\/span><\/label><input type=\"email\" id=\"wpforms-1679-field_2\" class=\"wpforms-field-large wpforms-field-required\" name=\"wpforms[fields][2]\" spellcheck=\"false\" aria-errormessage=\"wpforms-1679-field_2-error\" required><\/div><div id=\"wpforms-1679-field_3-container\" class=\"wpforms-field wpforms-field-text\" data-field-id=\"3\"><label class=\"wpforms-field-label\" for=\"wpforms-1679-field_3\">Tel\u00e9fono<\/label><input type=\"text\" id=\"wpforms-1679-field_3\" class=\"wpforms-field-small\" name=\"wpforms[fields][3]\" aria-errormessage=\"wpforms-1679-field_3-error\" ><\/div><div id=\"wpforms-1679-field_5-container\" class=\"wpforms-field wpforms-field-text\" data-field-id=\"5\"><label class=\"wpforms-field-label\" for=\"wpforms-1679-field_5\">Departamento \/ Ciudad \/ Municipio<\/label><input type=\"text\" id=\"wpforms-1679-field_5\" class=\"wpforms-field-large\" name=\"wpforms[fields][5]\" aria-errormessage=\"wpforms-1679-field_5-error\" ><\/div><div id=\"wpforms-1679-field_9-container\" class=\"wpforms-field wpforms-field-select wpforms-field-select-style-classic\" data-field-id=\"9\"><label class=\"wpforms-field-label\" for=\"wpforms-1679-field_9\">Asunto<\/label><select id=\"wpforms-1679-field_9\" class=\"wpforms-field-large\" name=\"wpforms[fields][9]\"><option value=\"Petici\u00f3n\" >Petici\u00f3n<\/option><option value=\"Queja\" >Queja<\/option><option value=\"Reclamo\" >Reclamo<\/option><option value=\"Sugerencia\" >Sugerencia<\/option><option value=\"Felicitaci\u00f3n\" >Felicitaci\u00f3n<\/option><\/select><\/div><div id=\"wpforms-1679-field_7-container\" class=\"wpforms-field wpforms-field-select wpforms-field-select-style-classic\" data-field-id=\"7\"><label class=\"wpforms-field-label\" for=\"wpforms-1679-field_7\">Grupo con el que se identifica<\/label><select id=\"wpforms-1679-field_7\" class=\"wpforms-field-large\" name=\"wpforms[fields][7]\"><option value=\"Aportante\" >Aportante<\/option><option value=\"Comunidad\" >Comunidad<\/option><option value=\"Beneficiario\" >Beneficiario<\/option><option value=\"Sector P\u00fablico\" >Sector P\u00fablico<\/option><option value=\"Sector Social\" >Sector Social<\/option><option value=\"Aliado\" >Aliado<\/option><option value=\"Trabajador\" >Trabajador<\/option><option value=\"Proveedor\" >Proveedor<\/option><option value=\"Otros\" >Otros<\/option><\/select><\/div><div id=\"wpforms-1679-field_4-container\" class=\"wpforms-field wpforms-field-textarea\" data-field-id=\"4\"><label class=\"wpforms-field-label\" for=\"wpforms-1679-field_4\">Descripci\u00f3n de la situaci\u00f3n<\/label><textarea id=\"wpforms-1679-field_4\" class=\"wpforms-field-medium\" name=\"wpforms[fields][4]\" aria-errormessage=\"wpforms-1679-field_4-error\" ><\/textarea><\/div><div id=\"wpforms-1679-field_8-container\" class=\"wpforms-field wpforms-field-checkbox\" data-field-id=\"8\"><fieldset><legend class=\"wpforms-field-label\">Acepto la Pol\u00edtica de tratamiento de datos personales <\/legend><ul id=\"wpforms-1679-field_8\"><li class=\"choice-1 depth-1\"><input type=\"checkbox\" id=\"wpforms-1679-field_8_1\" name=\"wpforms[fields][8][]\" value=\"Acepto la Pol\u00edtica de tratamiento de datos personales\" aria-errormessage=\"wpforms-1679-field_8_1-error\"  ><label class=\"wpforms-field-label-inline\" for=\"wpforms-1679-field_8_1\">Acepto la Pol\u00edtica de tratamiento de datos personales<\/label><\/li><\/ul><\/fieldset><\/div><\/div><!-- .wpforms-field-container --><div class=\"wpforms-submit-container\" ><input type=\"hidden\" name=\"wpforms[id]\" value=\"1679\"><input type=\"hidden\" name=\"page_title\" value=\"\"><input type=\"hidden\" name=\"page_url\" value=\"https:\/\/fcgriopailacastilla.org\/site\/wp-json\/wp\/v2\/pages\/1683\"><button type=\"submit\" name=\"wpforms[submit]\" id=\"wpforms-submit-1679\" class=\"wpforms-submit\" data-alt-text=\"Enviando...\" data-submit-text=\"Enviar\" aria-live=\"assertive\" value=\"wpforms-submit\">Enviar<\/button><img decoding=\"async\" src=\"https:\/\/fcgriopailacastilla.org\/site\/wp-content\/plugins\/wpforms-lite\/assets\/images\/submit-spin.svg\" class=\"wpforms-submit-spinner\" style=\"display: none;\" width=\"26\" height=\"26\" alt=\"Cargando\"><\/div><\/form><\/div>  <!-- .wpforms-container -->\t\t<\/div>\n\t\t\t\t<\/div>\n\t\t\t\t<\/div>\n\t\t<div class=\"elementor-element elementor-element-603005b e-con-full e-flex e-con e-child\" data-id=\"603005b\" data-element_type=\"container\">\n\t\t\t\t<div class=\"elementor-element elementor-element-b9e64ea elementor-widget elementor-widget-n-accordion\" data-id=\"b9e64ea\" data-element_type=\"widget\" data-settings=\"{&quot;default_state&quot;:&quot;expanded&quot;,&quot;max_items_expended&quot;:&quot;one&quot;,&quot;n_accordion_animation_duration&quot;:{&quot;unit&quot;:&quot;ms&quot;,&quot;size&quot;:400,&quot;sizes&quot;:[]}}\" data-widget_type=\"nested-accordion.default\">\n\t\t\t\t<div class=\"elementor-widget-container\">\n\t\t\t\t\t<div class=\"e-n-accordion\" aria-label=\"Accordion. Open links with Enter or Space, close with Escape, and navigate with Arrow Keys\">\n\t\t\t\t\t\t<details id=\"e-n-accordion-item-1940\" class=\"e-n-accordion-item\" open>\n\t\t\t\t<summary class=\"e-n-accordion-item-title\" data-accordion-index=\"1\" tabindex=\"0\" aria-expanded=\"true\" aria-controls=\"e-n-accordion-item-1940\" >\n\t\t\t\t\t<span class='e-n-accordion-item-title-header'><div class=\"e-n-accordion-item-title-text\"> Definiciones del sistema PQRSF <\/div><\/span>\n\t\t\t\t\t\t\t<span class='e-n-accordion-item-title-icon'>\n\t\t\t<span class='e-opened' ><svg aria-hidden=\"true\" class=\"e-font-icon-svg e-fas-minus\" viewBox=\"0 0 448 512\" xmlns=\"http:\/\/www.w3.org\/2000\/svg\"><path d=\"M416 208H32c-17.67 0-32 14.33-32 32v32c0 17.67 14.33 32 32 32h384c17.67 0 32-14.33 32-32v-32c0-17.67-14.33-32-32-32z\"><\/path><\/svg><\/span>\n\t\t\t<span class='e-closed'><svg aria-hidden=\"true\" class=\"e-font-icon-svg e-fas-plus\" viewBox=\"0 0 448 512\" xmlns=\"http:\/\/www.w3.org\/2000\/svg\"><path d=\"M416 208H272V64c0-17.67-14.33-32-32-32h-32c-17.67 0-32 14.33-32 32v144H32c-17.67 0-32 14.33-32 32v32c0 17.67 14.33 32 32 32h144v144c0 17.67 14.33 32 32 32h32c17.67 0 32-14.33 32-32V304h144c17.67 0 32-14.33 32-32v-32c0-17.67-14.33-32-32-32z\"><\/path><\/svg><\/span>\n\t\t<\/span>\n\n\t\t\t\t\t\t<\/summary>\n\t\t\t\t<div role=\"region\" aria-labelledby=\"e-n-accordion-item-1940\" class=\"elementor-element elementor-element-6cd5f77 e-con-full e-flex e-con e-child\" data-id=\"6cd5f77\" data-element_type=\"container\">\n\t\t\t\t<div class=\"elementor-element elementor-element-3d02110 elementor-widget elementor-widget-text-editor\" data-id=\"3d02110\" data-element_type=\"widget\" data-widget_type=\"text-editor.default\">\n\t\t\t\t<div class=\"elementor-widget-container\">\n\t\t\t\t\t\t\t<ul><li><strong>Petici\u00f3n:<\/strong>\u00a0solicitud presentada por una persona, grupo de personas, organizaci\u00f3n o entidad con la finalidad de obtener informaci\u00f3n o respuesta a inquietudes de inter\u00e9s personal o general.<\/li><li><strong>Queja:<\/strong>\u00a0manifestaci\u00f3n de insatisfacci\u00f3n presentada por una persona natural, grupo de personas, organizaci\u00f3n o entidad con respecto a los programas, proyectos y\/o servicios sociales de la Fundaci\u00f3n, otros aspectos de su gesti\u00f3n o conducta de los trabajadores de la organizaci\u00f3n.<\/li><li><strong>Reclamo:<\/strong>\u00a0manifestaci\u00f3n de inconformidad presentada por una persona natural, grupo de personas, organizaci\u00f3n o entidad en relaci\u00f3n con el incumplimiento de una o varias caracter\u00edsticas de los programas, proyectos y\/o servicios sociales de la Fundaci\u00f3n, otros aspectos de su gesti\u00f3n o conducta de los trabajadores de la organizaci\u00f3n.<\/li><li><strong>Sugerencia:<\/strong>\u00a0propuesta presentada por una persona, grupo de personas, organizaci\u00f3n o entidad relacionada con el mejoramiento de los programas, proyectos y\/o servicios sociales de la Fundaci\u00f3n, otros aspectos de su gesti\u00f3n o conducta de los trabajadores de la organizaci\u00f3n.<\/li><li><strong>Felicitaci\u00f3n:<\/strong>\u00a0manifestaci\u00f3n de agrado o satisfacci\u00f3n presentada por una persona, grupo de personas, organizaci\u00f3n o entidad en relaci\u00f3n con los programas, proyectos y\/o servicios sociales de la Fundaci\u00f3n, otros aspectos de su gesti\u00f3n o conducta de los trabajadores de la organizaci\u00f3n.<\/li><\/ul>\t\t\t\t\t\t<\/div>\n\t\t\t\t<\/div>\n\t\t\t\t<\/div>\n\t\t\t\t\t<\/details>\n\t\t\t\t\t\t<details id=\"e-n-accordion-item-1941\" class=\"e-n-accordion-item\" >\n\t\t\t\t<summary class=\"e-n-accordion-item-title\" data-accordion-index=\"2\" tabindex=\"-1\" aria-expanded=\"false\" aria-controls=\"e-n-accordion-item-1941\" >\n\t\t\t\t\t<span class='e-n-accordion-item-title-header'><div class=\"e-n-accordion-item-title-text\"> Con qu\u00e9 grupo se identifica <\/div><\/span>\n\t\t\t\t\t\t\t<span class='e-n-accordion-item-title-icon'>\n\t\t\t<span class='e-opened' ><svg aria-hidden=\"true\" class=\"e-font-icon-svg e-fas-minus\" viewBox=\"0 0 448 512\" xmlns=\"http:\/\/www.w3.org\/2000\/svg\"><path d=\"M416 208H32c-17.67 0-32 14.33-32 32v32c0 17.67 14.33 32 32 32h384c17.67 0 32-14.33 32-32v-32c0-17.67-14.33-32-32-32z\"><\/path><\/svg><\/span>\n\t\t\t<span class='e-closed'><svg aria-hidden=\"true\" class=\"e-font-icon-svg e-fas-plus\" viewBox=\"0 0 448 512\" xmlns=\"http:\/\/www.w3.org\/2000\/svg\"><path d=\"M416 208H272V64c0-17.67-14.33-32-32-32h-32c-17.67 0-32 14.33-32 32v144H32c-17.67 0-32 14.33-32 32v32c0 17.67 14.33 32 32 32h144v144c0 17.67 14.33 32 32 32h32c17.67 0 32-14.33 32-32V304h144c17.67 0 32-14.33 32-32v-32c0-17.67-14.33-32-32-32z\"><\/path><\/svg><\/span>\n\t\t<\/span>\n\n\t\t\t\t\t\t<\/summary>\n\t\t\t\t<div role=\"region\" aria-labelledby=\"e-n-accordion-item-1941\" class=\"elementor-element elementor-element-96c6141 e-con-full e-flex e-con e-child\" data-id=\"96c6141\" data-element_type=\"container\">\n\t\t\t\t<div class=\"elementor-element elementor-element-4a7a7ab elementor-widget elementor-widget-text-editor\" data-id=\"4a7a7ab\" data-element_type=\"widget\" data-widget_type=\"text-editor.default\">\n\t\t\t\t<div class=\"elementor-widget-container\">\n\t\t\t\t\t\t\t<ul><li><strong>Aportante:<\/strong>\u00a0Riopaila Castilla S.A. (accionistas, directivos y trabajadores directos). Comunidad: persona natural, grupo de personas, organizaci\u00f3n social o instituci\u00f3n localizada en un \u00e1rea geogr\u00e1fica que hace parte de la zona de influencia de Riopaila Castilla S.A.<\/li><li><strong>Beneficiario:<\/strong>\u00a0persona natural, hogar, familia, grupo de personas, organizaci\u00f3n o empresa que participa activamente en los programas, proyectos y\/o servicios sociales que desarrolla la Fundaci\u00f3n.<\/li><li><strong>Sector P\u00fablico:<\/strong>\u00a0autoridad p\u00fablica, instituci\u00f3n, empresa, persona o entidad regulatoria que realiza alguna actividad en nombre del Estado o del Gobierno o act\u00faa en representaci\u00f3n de estos.<\/li><li><strong>Sector Social:<\/strong>\u00a0organizaciones o entidades de naturaleza privada, sin \u00e1nimo de lucro que persiguen fines sociales o defienden intereses colectivos de cualquier tipo.<\/li><li><strong>Aliado:<\/strong>\u00a0organizaci\u00f3n o instituci\u00f3n con la cual la Fundaci\u00f3n tiene alianzas y\/o convenios para desarrollar acciones sociales conjuntas en funci\u00f3n de un objetivo com\u00fan.<\/li><li><strong>Trabajador:<\/strong>\u00a0persona vinculada laboralmente por contrato directo o prestaci\u00f3n de servicios a la Fundaci\u00f3n Caicedo Gonz\u00e1lez Riopaila Castilla.<\/li><li><strong>Proveedor:<\/strong>\u00a0persona natural o jur\u00eddica que suministra bienes, obra o servicios a la Fundaci\u00f3n.<\/li><li><strong>Otros:<\/strong>\u00a0proveedores de capital, cooperaci\u00f3n internacional, contratante, donante, etc.<\/li><\/ul>\t\t\t\t\t\t<\/div>\n\t\t\t\t<\/div>\n\t\t\t\t<\/div>\n\t\t\t\t\t<\/details>\n\t\t\t\t\t<\/div>\n\t\t\t\t<\/div>\n\t\t\t\t<\/div>\n\t\t\t\t<\/div>\n\t\t\t\t<\/div>\n\t\t\t\t<\/div>\n\t\t","protected":false},"excerpt":{"rendered":"<p>PQRSF Por favor, activa JavaScript en tu navegador para completar este formulario.Por favor, activa JavaScript en tu navegador para completar este formulario. Nombre y apellido * NombreApellidos Email *Tel\u00e9fonoDepartamento \/&hellip;<\/p>\n","protected":false},"author":1,"featured_media":0,"parent":0,"menu_order":0,"comment_status":"closed","ping_status":"closed","template":"elementor_header_footer","meta":{"footnotes":""},"class_list":["post-1683","page","type-page","status-publish","hentry"],"_links":{"self":[{"href":"https:\/\/fcgriopailacastilla.org\/site\/wp-json\/wp\/v2\/pages\/1683","targetHints":{"allow":["GET"]}}],"collection":[{"href":"https:\/\/fcgriopailacastilla.org\/site\/wp-json\/wp\/v2\/pages"}],"about":[{"href":"https:\/\/fcgriopailacastilla.org\/site\/wp-json\/wp\/v2\/types\/page"}],"author":[{"embeddable":true,"href":"https:\/\/fcgriopailacastilla.org\/site\/wp-json\/wp\/v2\/users\/1"}],"replies":[{"embeddable":true,"href":"https:\/\/fcgriopailacastilla.org\/site\/wp-json\/wp\/v2\/comments?post=1683"}],"version-history":[{"count":11,"href":"https:\/\/fcgriopailacastilla.org\/site\/wp-json\/wp\/v2\/pages\/1683\/revisions"}],"predecessor-version":[{"id":3305,"href":"https:\/\/fcgriopailacastilla.org\/site\/wp-json\/wp\/v2\/pages\/1683\/revisions\/3305"}],"wp:attachment":[{"href":"https:\/\/fcgriopailacastilla.org\/site\/wp-json\/wp\/v2\/media?parent=1683"}],"curies":[{"name":"wp","href":"https:\/\/api.w.org\/{rel}","templated":true}]}}