{"id":1660,"date":"2024-09-19T22:44:54","date_gmt":"2024-09-19T22:44:54","guid":{"rendered":"https:\/\/fcgriopailacastilla.org\/site\/?page_id=1660"},"modified":"2024-09-26T20:35:38","modified_gmt":"2024-09-26T20:35:38","slug":"trabaje-con-nosotros","status":"publish","type":"page","link":"https:\/\/fcgriopailacastilla.org\/site\/trabaje-con-nosotros\/","title":{"rendered":"Trabaje con nosotros"},"content":{"rendered":"\t\t<div data-elementor-type=\"wp-page\" data-elementor-id=\"1660\" class=\"elementor elementor-1660\">\n\t\t\t\t<div class=\"elementor-element elementor-element-37b004d e-con-full e-flex e-con e-parent\" data-id=\"37b004d\" data-element_type=\"container\" data-settings=\"{&quot;background_background&quot;:&quot;classic&quot;}\">\n\t\t\t\t<div class=\"elementor-element elementor-element-5dbf3ef elementor-arrows-position-inside elementor-pagination-position-outside elementor-widget elementor-widget-image-carousel\" data-id=\"5dbf3ef\" data-element_type=\"widget\" data-settings=\"{&quot;slides_to_show&quot;:&quot;1&quot;,&quot;navigation&quot;:&quot;both&quot;,&quot;autoplay&quot;:&quot;yes&quot;,&quot;pause_on_hover&quot;:&quot;yes&quot;,&quot;pause_on_interaction&quot;:&quot;yes&quot;,&quot;autoplay_speed&quot;:5000,&quot;infinite&quot;:&quot;yes&quot;,&quot;effect&quot;:&quot;slide&quot;,&quot;speed&quot;:500}\" data-widget_type=\"image-carousel.default\">\n\t\t\t\t<div class=\"elementor-widget-container\">\n\t\t\t\t\t<div class=\"elementor-image-carousel-wrapper swiper\" dir=\"ltr\">\n\t\t\t<div class=\"elementor-image-carousel swiper-wrapper swiper-image-stretch\" aria-live=\"off\">\n\t\t\t\t\t\t\t\t<div class=\"swiper-slide\" role=\"group\" aria-roledescription=\"slide\" aria-label=\"1 de 1\"><figure class=\"swiper-slide-inner\"><img decoding=\"async\" class=\"swiper-slide-image\" src=\"https:\/\/fcgriopailacastilla.org\/site\/wp-content\/uploads\/2024\/09\/BANNER_TRABAJE-CON-NOSOTROS.jpg\" alt=\"BANNER_TRABAJE CON NOSOTROS\" \/><\/figure><\/div>\t\t\t<\/div>\n\t\t\t\t\t<\/div>\n\t\t\t\t<\/div>\n\t\t\t\t<\/div>\n\t\t\t\t<\/div>\n\t\t<div class=\"elementor-element elementor-element-3e4cffd e-con-full e-flex e-con e-parent\" data-id=\"3e4cffd\" data-element_type=\"container\">\n\t\t\t\t<div class=\"elementor-element elementor-element-959115a elementor-widget elementor-widget-text-editor\" data-id=\"959115a\" data-element_type=\"widget\" data-widget_type=\"text-editor.default\">\n\t\t\t\t<div class=\"elementor-widget-container\">\n\t\t\t\t\t\t\t<p>Seleccionamos y vinculamos talento humano competente enmarcado en los valores corporativos de dignidad humana, corresponsabilidad, honestidad, equidad y transparencia.<\/p><p>Nuestro capital humano se caracteriza por actuar bajo en enfoque de derechos humanos, garantizando as\u00ed la consolidaci\u00f3n de un relacionamiento s\u00f3lido con los grupos de inter\u00e9s, el despliegue eficaz de los proyectos y la contribuci\u00f3n al desarrollo sostenible de los territorios donde se interviene.<\/p><p>Buscamos nuevos talentos que trabajen en equipo hacia el logro de los objetivos estrat\u00e9gicos, cumpliendo con los compromisos acordados y participando activamente; con criterio propositivo, disciplina y la capacidad de compartir conocimientos para aprender y crecer profesional y personalmente.<\/p><p>Por cumplimiento de la Ley 1581 de 2012, informamos que la recepci\u00f3n de hojas de vida se realiza \u00fanicamente a trav\u00e9s del portal\u00a0<strong>Computrabajo:<\/strong><\/p>\t\t\t\t\t\t<\/div>\n\t\t\t\t<\/div>\n\t\t\t\t<div class=\"elementor-element elementor-element-461e086 elementor-align-center elementor-widget elementor-widget-button\" data-id=\"461e086\" data-element_type=\"widget\" data-widget_type=\"button.default\">\n\t\t\t\t<div class=\"elementor-widget-container\">\n\t\t\t\t\t<div class=\"elementor-button-wrapper\">\n\t\t\t<a class=\"elementor-button elementor-button-link elementor-size-sm\" href=\"https:\/\/www.computrabajo.com.co\/empresas\/ofertas-de-trabajo-de-fundacion-caicedo-gonzalez-3B0198275B386EAE\" target=\"_blank\">\n\t\t\t\t\t\t<span class=\"elementor-button-content-wrapper\">\n\t\t\t\t\t\t\t\t\t<span class=\"elementor-button-text\">Ver vacantes disponibles<\/span>\n\t\t\t\t\t<\/span>\n\t\t\t\t\t<\/a>\n\t\t<\/div>\n\t\t\t\t<\/div>\n\t\t\t\t<\/div>\n\t\t\t\t<div class=\"elementor-element elementor-element-4871bbc elementor-widget elementor-widget-heading\" data-id=\"4871bbc\" data-element_type=\"widget\" data-widget_type=\"heading.default\">\n\t\t\t\t<div class=\"elementor-widget-container\">\n\t\t\t<h4 class=\"elementor-heading-title elementor-size-default\">Conoce nuestro talento Fundaci\u00f3n<\/h4>\t\t<\/div>\n\t\t\t\t<\/div>\n\t\t\t\t<\/div>\n\t\t<div class=\"elementor-element elementor-element-710fd6c e-con-full e-flex e-con e-parent\" data-id=\"710fd6c\" data-element_type=\"container\">\n\t\t<div class=\"elementor-element elementor-element-6c840c4 e-con-full e-flex e-con e-child\" data-id=\"6c840c4\" data-element_type=\"container\">\n\t\t\t\t<div class=\"elementor-element elementor-element-41deaf6 elementor-widget elementor-widget-video\" data-id=\"41deaf6\" data-element_type=\"widget\" data-settings=\"{&quot;youtube_url&quot;:&quot;https:\\\/\\\/youtu.be\\\/x-pSO3_6QJM&quot;,&quot;video_type&quot;:&quot;youtube&quot;,&quot;controls&quot;:&quot;yes&quot;}\" data-widget_type=\"video.default\">\n\t\t\t\t<div class=\"elementor-widget-container\">\n\t\t\t\t\t<div class=\"elementor-wrapper elementor-open-inline\">\n\t\t\t<div class=\"elementor-video\"><\/div>\t\t<\/div>\n\t\t\t\t<\/div>\n\t\t\t\t<\/div>\n\t\t\t\t<\/div>\n\t\t<div class=\"elementor-element elementor-element-f18f9dd e-con-full e-flex e-con e-child\" data-id=\"f18f9dd\" data-element_type=\"container\">\n\t\t\t\t<div class=\"elementor-element elementor-element-36cc9f4 elementor-widget elementor-widget-video\" data-id=\"36cc9f4\" data-element_type=\"widget\" data-settings=\"{&quot;youtube_url&quot;:&quot;https:\\\/\\\/youtu.be\\\/6wXIQk1zEW4&quot;,&quot;video_type&quot;:&quot;youtube&quot;,&quot;controls&quot;:&quot;yes&quot;}\" data-widget_type=\"video.default\">\n\t\t\t\t<div class=\"elementor-widget-container\">\n\t\t\t\t\t<div class=\"elementor-wrapper elementor-open-inline\">\n\t\t\t<div class=\"elementor-video\"><\/div>\t\t<\/div>\n\t\t\t\t<\/div>\n\t\t\t\t<\/div>\n\t\t\t\t<\/div>\n\t\t<div class=\"elementor-element elementor-element-7d798bc e-con-full e-flex e-con e-child\" data-id=\"7d798bc\" data-element_type=\"container\">\n\t\t\t\t<div class=\"elementor-element elementor-element-18d35c7 elementor-widget elementor-widget-video\" data-id=\"18d35c7\" data-element_type=\"widget\" data-settings=\"{&quot;youtube_url&quot;:&quot;https:\\\/\\\/youtu.be\\\/Q_yIp56TxTE&quot;,&quot;video_type&quot;:&quot;youtube&quot;,&quot;controls&quot;:&quot;yes&quot;}\" data-widget_type=\"video.default\">\n\t\t\t\t<div class=\"elementor-widget-container\">\n\t\t\t\t\t<div class=\"elementor-wrapper elementor-open-inline\">\n\t\t\t<div class=\"elementor-video\"><\/div>\t\t<\/div>\n\t\t\t\t<\/div>\n\t\t\t\t<\/div>\n\t\t\t\t<\/div>\n\t\t\t\t<\/div>\n\t\t\t\t<\/div>\n\t\t","protected":false},"excerpt":{"rendered":"<p>Seleccionamos y vinculamos talento humano competente enmarcado en los valores corporativos de dignidad humana, corresponsabilidad, honestidad, equidad y transparencia. Nuestro capital humano se caracteriza por actuar bajo en enfoque de&hellip;<\/p>\n","protected":false},"author":1,"featured_media":0,"parent":0,"menu_order":0,"comment_status":"closed","ping_status":"closed","template":"elementor_header_footer","meta":{"footnotes":""},"class_list":["post-1660","page","type-page","status-publish","hentry"],"_links":{"self":[{"href":"https:\/\/fcgriopailacastilla.org\/site\/wp-json\/wp\/v2\/pages\/1660","targetHints":{"allow":["GET"]}}],"collection":[{"href":"https:\/\/fcgriopailacastilla.org\/site\/wp-json\/wp\/v2\/pages"}],"about":[{"href":"https:\/\/fcgriopailacastilla.org\/site\/wp-json\/wp\/v2\/types\/page"}],"author":[{"embeddable":true,"href":"https:\/\/fcgriopailacastilla.org\/site\/wp-json\/wp\/v2\/users\/1"}],"replies":[{"embeddable":true,"href":"https:\/\/fcgriopailacastilla.org\/site\/wp-json\/wp\/v2\/comments?post=1660"}],"version-history":[{"count":25,"href":"https:\/\/fcgriopailacastilla.org\/site\/wp-json\/wp\/v2\/pages\/1660\/revisions"}],"predecessor-version":[{"id":2532,"href":"https:\/\/fcgriopailacastilla.org\/site\/wp-json\/wp\/v2\/pages\/1660\/revisions\/2532"}],"wp:attachment":[{"href":"https:\/\/fcgriopailacastilla.org\/site\/wp-json\/wp\/v2\/media?parent=1660"}],"curies":[{"name":"wp","href":"https:\/\/api.w.org\/{rel}","templated":true}]}}